{"id":12278,"date":"2020-09-28T12:22:33","date_gmt":"2020-09-28T12:22:33","guid":{"rendered":"http:\/\/www.lebenshilfe-kv-gg.de\/?page_id=12278"},"modified":"2021-06-22T07:11:38","modified_gmt":"2021-06-22T07:11:38","slug":"ferien-und-reisen","status":"publish","type":"page","link":"https:\/\/www.lebenshilfe-kv-gg.de\/?page_id=12278","title":{"rendered":"Ferien und Reisen"},"content":{"rendered":"<p><button id=\"listenButton1\" class=\"responsivevoice-button\" type=\"button\" value=\"Play\" title=\"ResponsiveVoice Tap to Start\/Stop Speech\"><span>&#128266; Seite vorlesen lassen<\/span><\/button>\n        <script>\n            listenButton1.onclick = function(){\n                if(responsiveVoice.isPlaying()){\n                    responsiveVoice.cancel();\n                }else{\n                    responsiveVoice.speak(\"Ferien-Betreuung Die Ferien-Betreuung gibt es in allen hessischen Schul-Ferien. Sie findet zwei Wochen lang statt. Schul-Kinder mit Behinderungen k\u00f6nnen an der Betreuung teilnehmen. Die Kinder werden je Woche einzeln angemeldet. Die Betreuung findet zwischen 9 und 16 Uhr statt. Ein Fahr-Dienst kann dazu gebucht werden. Normalerweise betreut ein Mitarbeiter zwei Kinder. Wir bieten ein vielf\u00e4ltiges Programm. Beispiele sind: Spielen Basteln Malen Musik machen Ausfl\u00fcge In den Sommer-Ferien gibt es eine Projekt-Woche. Kinder k\u00f6nnen sich dort die Projekte aussuchen. Am Ende der Woche gibt es eine Abschluss-Feier. Dort stellen die Kinder den Eltern die Projekte vor. \u00a0 Girls-Week Die Girls-Week ist eine Betreuung nur f\u00fcr M\u00e4dchen und Frauen. Das Programm ist speziell an M\u00e4dchen und Frauen gerichtet. Die M\u00e4dchen und Frauen sind 6 bis 25 Jahre alt.\u00a0 Die Betreuung findet zwischen 9 und 16 Uhr statt. Sie findet eine Woche lang statt.\u00a0 Und ein mal im Jahr. Die Woche liegt in den hessischen Schul-Ferien. Ein Fahr-Dienst kann dazu gebucht werden. \u00a0 Sommer-Spa\u00df Der Sommer-Spa\u00df findet eine Woche lang statt. Es k\u00f6nnen 30 Kinder, Jugendliche und Erwachsene teilnehmen. Es werden verschiedene Dinge unternommen: Ausfl\u00fcge in Freizeit-Parks Spielen Sport \u00dcber-Nachtung \u00a0 Sommer-Freizeit Die Sommer-Freizeit dauert 5 Tage. Wir fahren an einen anderen Ort. Wir \u00fcbernachten nicht zuhause. Kinder mit Behinderungen und ihre Geschwister k\u00f6nnen teilnehmen. Das Angebot wird von den Kindern mit-gestaltet. Beispiele sind: Ausfl\u00fcge Lager-Feuer Basteln Kino \u00a0 Ferien-Freizeiten Wir bieten verschiedene Freizeiten an. Sie sind f\u00fcr verschiedene Alters-Gruppen. Und verschiedene Behinderungen. Die Freizeit dauert mehrere Tage. Die Freizeit hat immer ein festes Thema. Zum Beispiel: Wandern Urlaub am Strand Die Freizeit findet in Deutschland oder in einem anderen Land statt. Mehr Informationen gibt es im Flyer zum Freizeit-Programm. Den Flyer gibt es in unserem B\u00fcro. Oder Sie laden ihn hier herunter.\", \"Deutsch Female\");\n                }\n            };\n        <\/script>\n    <\/p>\n<p><strong>Ferien-Betreuung<\/strong><\/p>\n<p>Die Ferien-Betreuung gibt es in allen hessischen Schul-Ferien.<\/p>\n<p>Sie findet zwei Wochen lang statt.<\/p>\n<p>Schul-Kinder mit Behinderungen k\u00f6nnen an der Betreuung teilnehmen.<\/p>\n<p>Die Kinder werden je Woche einzeln angemeldet.<\/p>\n<p>Die Betreuung findet zwischen 9 und 16 Uhr statt.<\/p>\n<p>Ein Fahr-Dienst kann dazu gebucht werden.<\/p>\n<p>Normalerweise betreut ein Mitarbeiter zwei Kinder.<\/p>\n<p>Wir bieten ein vielf\u00e4ltiges Programm.<a href=\"https:\/\/www.lebenshilfe-kv-gg.de\/wp-content\/uploads\/2020\/09\/ergotherapie.png\"><img loading=\"lazy\" decoding=\"async\" class=\"size-medium wp-image-12358 alignright\" src=\"https:\/\/www.lebenshilfe-kv-gg.de\/wp-content\/uploads\/2020\/09\/ergotherapie-300x291.png\" alt=\"\" width=\"300\" height=\"291\" srcset=\"https:\/\/www.lebenshilfe-kv-gg.de\/wp-content\/uploads\/2020\/09\/ergotherapie-300x291.png 300w, https:\/\/www.lebenshilfe-kv-gg.de\/wp-content\/uploads\/2020\/09\/ergotherapie.png 515w\" sizes=\"auto, (max-width: 300px) 100vw, 300px\" \/><\/a><\/p>\n<p>Beispiele sind:<\/p>\n<ul>\n<li>Spielen<\/li>\n<li>Basteln<\/li>\n<li>Malen<\/li>\n<li>Musik machen<\/li>\n<li>Ausfl\u00fcge<\/li>\n<\/ul>\n<p>In den Sommer-Ferien gibt es eine Projekt-Woche.<\/p>\n<p>Kinder k\u00f6nnen sich dort die Projekte aussuchen.<\/p>\n<p>Am Ende der Woche gibt es eine Abschluss-Feier.<\/p>\n<p>Dort stellen die Kinder den Eltern die Projekte vor.<\/p>\n<p>\u00a0<\/p>\n<p><strong>Girls-Week<a href=\"https:\/\/www.lebenshilfe-kv-gg.de\/wp-content\/uploads\/2021\/06\/freundschaft_frauen.png\"><img loading=\"lazy\" decoding=\"async\" class=\"size-medium wp-image-13283 alignright\" src=\"https:\/\/www.lebenshilfe-kv-gg.de\/wp-content\/uploads\/2021\/06\/freundschaft_frauen-300x231.png\" alt=\"\" width=\"300\" height=\"231\" srcset=\"https:\/\/www.lebenshilfe-kv-gg.de\/wp-content\/uploads\/2021\/06\/freundschaft_frauen-300x231.png 300w, https:\/\/www.lebenshilfe-kv-gg.de\/wp-content\/uploads\/2021\/06\/freundschaft_frauen-600x462.png 600w, https:\/\/www.lebenshilfe-kv-gg.de\/wp-content\/uploads\/2021\/06\/freundschaft_frauen.png 649w\" sizes=\"auto, (max-width: 300px) 100vw, 300px\" \/><\/a><\/strong><\/p>\n<p>Die Girls-Week ist eine Betreuung nur f\u00fcr M\u00e4dchen und Frauen.<\/p>\n<p>Das Programm ist speziell an M\u00e4dchen und Frauen gerichtet.<\/p>\n<p>Die M\u00e4dchen und Frauen sind 6 bis 25 Jahre alt.\u00a0<\/p>\n<p>Die Betreuung findet zwischen 9 und 16 Uhr statt.<\/p>\n<p>Sie findet eine Woche lang statt.\u00a0<\/p>\n<p>Und ein mal im Jahr.<\/p>\n<p>Die Woche liegt in den hessischen Schul-Ferien.<\/p>\n<p>Ein Fahr-Dienst kann dazu gebucht werden.<\/p>\n<p>\u00a0<\/p>\n<p><strong>Sommer-Spa\u00df<\/strong><\/p>\n<p>Der Sommer-Spa\u00df findet eine Woche lang statt.<\/p>\n<p>Es k\u00f6nnen 30 Kinder, Jugendliche und Erwachsene teilnehmen.<\/p>\n<p>Es werden verschiedene Dinge unternommen:<\/p>\n<ul>\n<li>Ausfl\u00fcge in Freizeit-Parks<a href=\"https:\/\/www.lebenshilfe-kv-gg.de\/wp-content\/uploads\/2020\/09\/jahrmarkt.png\"><img loading=\"lazy\" decoding=\"async\" class=\"size-medium wp-image-12337 alignright\" src=\"https:\/\/www.lebenshilfe-kv-gg.de\/wp-content\/uploads\/2020\/09\/jahrmarkt-300x266.png\" alt=\"\" width=\"300\" height=\"266\" srcset=\"https:\/\/www.lebenshilfe-kv-gg.de\/wp-content\/uploads\/2020\/09\/jahrmarkt-300x266.png 300w, https:\/\/www.lebenshilfe-kv-gg.de\/wp-content\/uploads\/2020\/09\/jahrmarkt.png 563w\" sizes=\"auto, (max-width: 300px) 100vw, 300px\" \/><\/a><\/li>\n<li>Spielen<\/li>\n<li>Sport<\/li>\n<li>\u00dcber-Nachtung<\/li>\n<\/ul>\n<p>\u00a0<\/p>\n<p><strong>Sommer-Freizeit<\/strong><\/p>\n<p>Die Sommer-Freizeit dauert 5 Tage.<\/p>\n<p>Wir fahren an einen anderen Ort.<\/p>\n<p>Wir \u00fcbernachten nicht zuhause.<\/p>\n<p>Kinder mit Behinderungen und ihre Geschwister k\u00f6nnen teilnehmen.<\/p>\n<p>Das Angebot wird von den Kindern mit-gestaltet.<\/p>\n<p>Beispiele sind:<\/p>\n<ul>\n<li>Ausfl\u00fcge<\/li>\n<li>Lager-Feuer<\/li>\n<li>Basteln<\/li>\n<li>Kino<\/li>\n<\/ul>\n<p>\u00a0<\/p>\n<p><strong>Ferien-Freizeiten<\/strong><\/p>\n<p>Wir bieten verschiedene Freizeiten an.<\/p>\n<p>Sie sind f\u00fcr verschiedene Alters-Gruppen.<\/p>\n<p>Und verschiedene Behinderungen.<\/p>\n<p>Die Freizeit dauert mehrere Tage.<\/p>\n<p>Die Freizeit hat immer ein festes Thema.<\/p>\n<p>Zum Beispiel:<\/p>\n<ul>\n<li>Wandern<\/li>\n<li>Urlaub am Strand<a href=\"https:\/\/www.lebenshilfe-kv-gg.de\/wp-content\/uploads\/2020\/09\/urlaub.png\"><img loading=\"lazy\" decoding=\"async\" class=\" wp-image-12339 alignright\" src=\"https:\/\/www.lebenshilfe-kv-gg.de\/wp-content\/uploads\/2020\/09\/urlaub-226x300.png\" alt=\"\" width=\"210\" height=\"279\" srcset=\"https:\/\/www.lebenshilfe-kv-gg.de\/wp-content\/uploads\/2020\/09\/urlaub-226x300.png 226w, https:\/\/www.lebenshilfe-kv-gg.de\/wp-content\/uploads\/2020\/09\/urlaub.png 376w\" sizes=\"auto, (max-width: 210px) 100vw, 210px\" \/><\/a><\/li>\n<\/ul>\n<p>Die Freizeit findet in Deutschland oder in einem anderen Land statt.<\/p>\n<p>Mehr Informationen gibt es im Flyer zum Freizeit-Programm.<\/p>\n<p>Den Flyer gibt es in unserem B\u00fcro.<\/p>\n<p>Oder Sie laden ihn <a href=\"https:\/\/www.lebenshilfe-kv-gg.de\/wp-content\/uploads\/2019\/11\/Flyer_Angebote_Programmheft_2020.pdf\">hier<\/a> herunter.<\/p>\n","protected":false},"excerpt":{"rendered":"<p>Ferien-Betreuung Die Ferien-Betreuung gibt es in allen hessischen Schul-Ferien. Sie findet zwei Wochen lang statt. Schul-Kinder mit Behinderungen k\u00f6nnen an der Betreuung teilnehmen. Die Kinder werden je Woche einzeln angemeldet. <a class=\"more-link\" href=\"https:\/\/www.lebenshilfe-kv-gg.de\/?page_id=12278\">Weiterlesen &#8230; \u2192<\/a><\/p>\n","protected":false},"author":1,"featured_media":0,"parent":12250,"menu_order":7,"comment_status":"closed","ping_status":"closed","template":"","meta":{"footnotes":""},"class_list":["post-12278","page","type-page","status-publish","hentry"],"_links":{"self":[{"href":"https:\/\/www.lebenshilfe-kv-gg.de\/index.php?rest_route=\/wp\/v2\/pages\/12278","targetHints":{"allow":["GET"]}}],"collection":[{"href":"https:\/\/www.lebenshilfe-kv-gg.de\/index.php?rest_route=\/wp\/v2\/pages"}],"about":[{"href":"https:\/\/www.lebenshilfe-kv-gg.de\/index.php?rest_route=\/wp\/v2\/types\/page"}],"author":[{"embeddable":true,"href":"https:\/\/www.lebenshilfe-kv-gg.de\/index.php?rest_route=\/wp\/v2\/users\/1"}],"replies":[{"embeddable":true,"href":"https:\/\/www.lebenshilfe-kv-gg.de\/index.php?rest_route=%2Fwp%2Fv2%2Fcomments&post=12278"}],"version-history":[{"count":6,"href":"https:\/\/www.lebenshilfe-kv-gg.de\/index.php?rest_route=\/wp\/v2\/pages\/12278\/revisions"}],"predecessor-version":[{"id":13286,"href":"https:\/\/www.lebenshilfe-kv-gg.de\/index.php?rest_route=\/wp\/v2\/pages\/12278\/revisions\/13286"}],"up":[{"embeddable":true,"href":"https:\/\/www.lebenshilfe-kv-gg.de\/index.php?rest_route=\/wp\/v2\/pages\/12250"}],"wp:attachment":[{"href":"https:\/\/www.lebenshilfe-kv-gg.de\/index.php?rest_route=%2Fwp%2Fv2%2Fmedia&parent=12278"}],"curies":[{"name":"wp","href":"https:\/\/api.w.org\/{rel}","templated":true}]}}