{"id":225,"date":"2014-04-30T08:34:17","date_gmt":"2014-04-30T08:34:17","guid":{"rendered":"http:\/\/www.lebenshilfe-kv-gg.de\/?page_id=225"},"modified":"2026-03-12T13:35:56","modified_gmt":"2026-03-12T13:35:56","slug":"unser-fachdienst-fed","status":"publish","type":"page","link":"https:\/\/www.lebenshilfe-kv-gg.de\/?page_id=225","title":{"rendered":"Unser Fachdienst"},"content":{"rendered":"<p><button id=\"listenButton1\" class=\"responsivevoice-button\" type=\"button\" value=\"Play\" title=\"ResponsiveVoice Tap to Start\/Stop Speech\"><span>&#128266; Seite vorlesen lassen<\/span><\/button>\n        <script>\n            listenButton1.onclick = function(){\n                if(responsiveVoice.isPlaying()){\n                    responsiveVoice.cancel();\n                }else{\n                    responsiveVoice.speak(\"Unser Familienentlastender Dienst (FeD) ist eine ambulante Einrichtung im Bereich der Eingliederungshilfe, dessen Fachpersonal beratende und betreuende Hilfe leistet. Das Angebot steht allen Familien mit Angeh\u00f6rigen mit einer Behinderung offen. Der FeD stellt ambulante Hilfen zur Entlastung der Familien-, Partner- oder Lebensgemeinschaften, in Form von Betreuung im h\u00e4uslichen Bereich bei Verhinderung der Betreuungsperson zur Verf\u00fcgung. Ziel des FeD ist es, durch individuelle und bed\u00fcrfnisorientierte Hilfen zur Entlastung in den Familien mit Angeh\u00f6rigen mit Behinderung beizutragen. Durch unser Angebot ambulanter Hilfen soll sowohl den pflegenden Angeh\u00f6rigen, als auch den Menschen mit einer Behinderung die M\u00f6glichkeit geboten werden, am gesellschaftlichen, kulturellen und politischen Leben teilzunehmen. Selbstverst\u00e4ndlich stehen wir ihnen bei Fragen zu unseren Angeboten gerne telefonisch oder auch im pers\u00f6nlichen Gespr\u00e4ch zur Verf\u00fcgung.\", \"Deutsch Female\");\n                }\n            };\n        <\/script>\n    <br \/>\nUnser Familienentlastender Dienst (FeD) ist eine ambulante Einrichtung im Bereich der Eingliederungshilfe, dessen Fachpersonal beratende und betreuende Hilfe leistet.<\/p>\n<p>Das Angebot steht allen Familien mit Angeh\u00f6rigen mit einer Behinderung offen. Der FeD stellt ambulante Hilfen zur Entlastung der Familien-, Partner- oder Lebensgemeinschaften, in Form von Betreuung im h\u00e4uslichen Bereich bei Verhinderung der Betreuungsperson zur Verf\u00fcgung.<\/p>\n<p>Ziel des FeD ist es, durch individuelle und bed\u00fcrfnisorientierte Hilfen zur Entlastung in den Familien mit Angeh\u00f6rigen mit Behinderung beizutragen. Durch unser Angebot ambulanter Hilfen soll sowohl den pflegenden Angeh\u00f6rigen, als auch den Menschen mit einer Behinderung die M\u00f6glichkeit geboten werden, am gesellschaftlichen, kulturellen und politischen Leben teilzunehmen.<\/p>\n<p>Selbstverst\u00e4ndlich stehen wir ihnen bei Fragen zu unseren Angeboten gerne telefonisch oder auch im pers\u00f6nlichen Gespr\u00e4ch zur Verf\u00fcgung.<\/p>\n","protected":false},"excerpt":{"rendered":"<p>Unser Familienentlastender Dienst (FeD) ist eine ambulante Einrichtung im Bereich der Eingliederungshilfe, dessen Fachpersonal beratende und betreuende Hilfe leistet. Das Angebot steht allen Familien mit Angeh\u00f6rigen mit einer Behinderung offen. <a class=\"more-link\" href=\"https:\/\/www.lebenshilfe-kv-gg.de\/?page_id=225\">Weiterlesen &#8230; \u2192<\/a><\/p>\n","protected":false},"author":1,"featured_media":0,"parent":22,"menu_order":3,"comment_status":"closed","ping_status":"closed","template":"","meta":{"footnotes":""},"class_list":["post-225","page","type-page","status-publish","hentry"],"_links":{"self":[{"href":"https:\/\/www.lebenshilfe-kv-gg.de\/index.php?rest_route=\/wp\/v2\/pages\/225","targetHints":{"allow":["GET"]}}],"collection":[{"href":"https:\/\/www.lebenshilfe-kv-gg.de\/index.php?rest_route=\/wp\/v2\/pages"}],"about":[{"href":"https:\/\/www.lebenshilfe-kv-gg.de\/index.php?rest_route=\/wp\/v2\/types\/page"}],"author":[{"embeddable":true,"href":"https:\/\/www.lebenshilfe-kv-gg.de\/index.php?rest_route=\/wp\/v2\/users\/1"}],"replies":[{"embeddable":true,"href":"https:\/\/www.lebenshilfe-kv-gg.de\/index.php?rest_route=%2Fwp%2Fv2%2Fcomments&post=225"}],"version-history":[{"count":9,"href":"https:\/\/www.lebenshilfe-kv-gg.de\/index.php?rest_route=\/wp\/v2\/pages\/225\/revisions"}],"predecessor-version":[{"id":14850,"href":"https:\/\/www.lebenshilfe-kv-gg.de\/index.php?rest_route=\/wp\/v2\/pages\/225\/revisions\/14850"}],"up":[{"embeddable":true,"href":"https:\/\/www.lebenshilfe-kv-gg.de\/index.php?rest_route=\/wp\/v2\/pages\/22"}],"wp:attachment":[{"href":"https:\/\/www.lebenshilfe-kv-gg.de\/index.php?rest_route=%2Fwp%2Fv2%2Fmedia&parent=225"}],"curies":[{"name":"wp","href":"https:\/\/api.w.org\/{rel}","templated":true}]}}