{"id":24,"date":"2014-04-07T11:56:28","date_gmt":"2014-04-07T11:56:28","guid":{"rendered":"http:\/\/www.lebenshilfe-kv-gg.de\/?page_id=24"},"modified":"2021-06-10T11:45:20","modified_gmt":"2021-06-10T11:45:20","slug":"ueber-uns","status":"publish","type":"page","link":"https:\/\/www.lebenshilfe-kv-gg.de\/?page_id=24","title":{"rendered":"\u00dcber uns"},"content":{"rendered":"<p><button id=\"listenButton1\" class=\"responsivevoice-button\" type=\"button\" value=\"Play\" title=\"ResponsiveVoice Tap to Start\/Stop Speech\"><span>&#128266; Seite vorlesen lassen<\/span><\/button>\n        <script>\n            listenButton1.onclick = function(){\n                if(responsiveVoice.isPlaying()){\n                    responsiveVoice.cancel();\n                }else{\n                    responsiveVoice.speak(\"Diese Seite in Einfacher Sprache lesen Der Verein Lebenshilfe Kreisvereinigung Gro\u00df-Gerau ist ein Zusammenschluss von Eltern und Angeh\u00f6rigen von Menschen mit einer Behinderung, von Menschen mit einer Behinderung, Fachleuten, F\u00f6rderern und Freund*innen. Unsere Aufgabe ist die Errichtung, das Betreiben und die F\u00f6rderung aller Ma\u00dfnahmen und Einrichtungen, die eine wirksame Hilfe f\u00fcr Menschen mit einer Behinderung in allen Altersstufen und ihrer Familie bedeuten. Wir betrachten es als unsere Aufgabe, auf \u00f6rtlicher bzw. regionaler Ebene den Zusammenschluss der Eltern und Freund*innen von Menschen mit geistiger Behinderung anzuregen und sie zu beraten. Die Lebenshilfe Kreisvereinigung Gro\u00df-Gerau bietet ihren Mitgliedern eine Reihe unterschiedlicher Leistungen - von fachlicher Beratung in allen behinderungsspezifischen Fragen, Informationen \u00fcber neue Entwicklungen, Vortragsveranstaltungen, bis hin zur Geselligkeit, in Form von Festen und Ausfl\u00fcgen. Ganz pers\u00f6nlich f\u00fcr Sie steht Ihnen die Beratungskompetenz des Vorstandes und der Gesch\u00e4ftsf\u00fchrung zur Verf\u00fcgung. Wir stellen dar\u00fcber hinaus zu unterschiedlichsten Themenbereichen (z.B. Urlaubsangebote f\u00fcr Menschen mit einer Behinderung, Kurzzeitpflegeeinrichtungen, Symptome & med. Aspekte etc.) Informationsmaterial zur Verf\u00fcgung und\/oder helfen mit einem pers\u00f6nlichen Gespr\u00e4ch weiter. \u00dcber die Gesch\u00e4ftsstelle vermitteln wir Kontakte zum Landes- und Bundesverband der Lebenshilfe (z.B. bei einer gew\u00fcnschten Rechtsberatung).\", \"Deutsch Female\");\n                }\n            };\n        <\/script>\n    <\/p>\n<p><a href=\"https:\/\/www.lebenshilfe-kv-gg.de\/?page_id=12274\">Diese Seite in Einfacher Sprache lesen<\/a><\/p>\n<p><div id=\"attachment_120\" style=\"width: 160px\" class=\"wp-caption alignleft\"><a href=\"https:\/\/www.lebenshilfe-kv-gg.de\/wp-content\/uploads\/2014\/04\/katja1-227x300.png\"><img loading=\"lazy\" decoding=\"async\" aria-describedby=\"caption-attachment-120\" class=\"size-thumbnail wp-image-120 \" src=\"https:\/\/www.lebenshilfe-kv-gg.de\/wp-content\/uploads\/2014\/04\/katja1-227x300.png\" alt=\"Stefan Bormann Gesch\u00e4ftsf\u00fchrer\" width=\"150\" height=\"150\" \/><\/a><p id=\"caption-attachment-120\" class=\"wp-caption-text\">Katja Vallbracht<br \/>Gesch\u00e4ftsf\u00fchrerin<\/p><\/div><\/p>\n<p>Der Verein Lebenshilfe Kreisvereinigung Gro\u00df-Gerau ist ein Zusammenschluss von Eltern und Angeh\u00f6rigen von Menschen mit einer Behinderung, von Menschen mit einer Behinderung, Fachleuten, F\u00f6rderern und Freund*innen.<\/p>\n<p>Unsere Aufgabe ist die Errichtung, das Betreiben und die F\u00f6rderung aller Ma\u00dfnahmen und Einrichtungen, die eine wirksame Hilfe f\u00fcr Menschen mit einer Behinderung in allen Altersstufen und ihrer Familie bedeuten.<\/p>\n<p>Wir betrachten es als unsere Aufgabe, auf \u00f6rtlicher bzw. regionaler Ebene den Zusammenschluss der Eltern und Freund*innen von Menschen mit geistiger Behinderung anzuregen und sie zu beraten.<\/p>\n<p>Die Lebenshilfe Kreisvereinigung Gro\u00df-Gerau bietet ihren Mitgliedern eine Reihe unterschiedlicher Leistungen &#8211; von fachlicher Beratung in allen behinderungsspezifischen Fragen, Informationen \u00fcber neue Entwicklungen, Vortragsveranstaltungen, bis hin zur Geselligkeit, in Form von Festen und Ausfl\u00fcgen.<\/p>\n<p>Ganz pers\u00f6nlich f\u00fcr Sie steht Ihnen die Beratungskompetenz des Vorstandes und der Gesch\u00e4ftsf\u00fchrung zur Verf\u00fcgung. Wir stellen dar\u00fcber hinaus zu unterschiedlichsten Themenbereichen (z.B. Urlaubsangebote f\u00fcr Menschen mit einer Behinderung, Kurzzeitpflegeeinrichtungen, Symptome &amp; med. Aspekte etc.) Informationsmaterial zur Verf\u00fcgung und\/oder helfen mit einem pers\u00f6nlichen Gespr\u00e4ch weiter.<\/p>\n<p>\u00dcber die Gesch\u00e4ftsstelle vermitteln wir Kontakte zum Landes- und Bundesverband der Lebenshilfe (z.B. bei einer gew\u00fcnschten Rechtsberatung).<\/p>\n","protected":false},"excerpt":{"rendered":"<p>Diese Seite in Einfacher Sprache lesen Der Verein Lebenshilfe Kreisvereinigung Gro\u00df-Gerau ist ein Zusammenschluss von Eltern und Angeh\u00f6rigen von Menschen mit einer Behinderung, von Menschen mit einer Behinderung, Fachleuten, F\u00f6rderern <a class=\"more-link\" href=\"https:\/\/www.lebenshilfe-kv-gg.de\/?page_id=24\">Weiterlesen &#8230; \u2192<\/a><\/p>\n","protected":false},"author":1,"featured_media":0,"parent":22,"menu_order":0,"comment_status":"closed","ping_status":"open","template":"","meta":{"footnotes":""},"class_list":["post-24","page","type-page","status-publish","hentry"],"_links":{"self":[{"href":"https:\/\/www.lebenshilfe-kv-gg.de\/index.php?rest_route=\/wp\/v2\/pages\/24","targetHints":{"allow":["GET"]}}],"collection":[{"href":"https:\/\/www.lebenshilfe-kv-gg.de\/index.php?rest_route=\/wp\/v2\/pages"}],"about":[{"href":"https:\/\/www.lebenshilfe-kv-gg.de\/index.php?rest_route=\/wp\/v2\/types\/page"}],"author":[{"embeddable":true,"href":"https:\/\/www.lebenshilfe-kv-gg.de\/index.php?rest_route=\/wp\/v2\/users\/1"}],"replies":[{"embeddable":true,"href":"https:\/\/www.lebenshilfe-kv-gg.de\/index.php?rest_route=%2Fwp%2Fv2%2Fcomments&post=24"}],"version-history":[{"count":18,"href":"https:\/\/www.lebenshilfe-kv-gg.de\/index.php?rest_route=\/wp\/v2\/pages\/24\/revisions"}],"predecessor-version":[{"id":13208,"href":"https:\/\/www.lebenshilfe-kv-gg.de\/index.php?rest_route=\/wp\/v2\/pages\/24\/revisions\/13208"}],"up":[{"embeddable":true,"href":"https:\/\/www.lebenshilfe-kv-gg.de\/index.php?rest_route=\/wp\/v2\/pages\/22"}],"wp:attachment":[{"href":"https:\/\/www.lebenshilfe-kv-gg.de\/index.php?rest_route=%2Fwp%2Fv2%2Fmedia&parent=24"}],"curies":[{"name":"wp","href":"https:\/\/api.w.org\/{rel}","templated":true}]}}