{"id":30,"date":"2014-04-07T11:57:47","date_gmt":"2014-04-07T11:57:47","guid":{"rendered":"http:\/\/www.lebenshilfe-kv-gg.de\/?page_id=30"},"modified":"2022-11-21T13:43:52","modified_gmt":"2022-11-21T13:43:52","slug":"mitglied-werden","status":"publish","type":"page","link":"https:\/\/www.lebenshilfe-kv-gg.de\/?page_id=30","title":{"rendered":"Mitglied werden"},"content":{"rendered":"<p><button id=\"listenButton1\" class=\"responsivevoice-button\" type=\"button\" value=\"Play\" title=\"ResponsiveVoice Tap to Start\/Stop Speech\"><span>&#128266; Seite vorlesen lassen<\/span><\/button>\n        <script>\n            listenButton1.onclick = function(){\n                if(responsiveVoice.isPlaying()){\n                    responsiveVoice.cancel();\n                }else{\n                    responsiveVoice.speak(\"Diese Seite in einfacher Sprache lesen Die Lebenshilfe Kreisvereinigung Gro\u00df-Gerau bietet ihren Mitgliedern eine Reihe unterschiedlicher Angebote, von fachlicher Beratung in allen behinderungsspezifischen Fragen, Informationen \u00fcber neue Entwicklungen, Vortragsveranstaltungen, bis hin zur Geselligkeit, in Form von Festen und Ausfl\u00fcgen. Mit Ihrer Mitgliedschaft unterst\u00fctzen Sie in erster Linie die Errichtung, das Betreiben und die F\u00f6rderung aller Ma\u00dfnahmen, die eine wirksame Hilfe f\u00fcr Menschen mit einer Behinderung in allen Altersstufen und ihren Familien bedeuten (vgl. Satzung der Lebenshilfe Kreisvereinigung Gro\u00df-Gerau \u00a7 2 Aufgaben und Zweck). Ganz pers\u00f6nlich f\u00fcr Sie steht Ihnen die Beratungskompetenz des Vorstandes und der Gesch\u00e4ftsf\u00fchrung zur Verf\u00fcgung. \u00dcber die Gesch\u00e4ftsstelle vermitteln wir Kontakte zum Landes- und Bundesverband der Lebenshilfe (z.B. bei einer gew\u00fcnschten Rechtsberatung). Sollten Sie Fragen zu unterschiedlichen Themenbereichen (z.B. Urlaubsangebote f\u00fcr Menschen mit einer Behinderung, Kurzzeitpflegeeinrichtungen, Symptome & med. Aspekte etc.) haben, stellen wir Ihnen gerne Informationsmaterial zur Verf\u00fcgung und\/oder helfen mit einem pers\u00f6nlichen Gespr\u00e4ch weiter. Bei Interesse an einer Mitgliedschaft stehen wir Ihnen gerne telefonisch oder im pers\u00f6nlichen Gespr\u00e4ch zur Verf\u00fcgung. Kosten f\u00fcr die Mitgliedschaft\u00a0 Jahresmitgliedsbeitrag 50,00 Euro, f\u00fcr erwachsene Menschen mit Behinderung nach Einzelbeantragung beim Lebenshilfe-Vorstand 15,00 Euro (Voraussetzung: Behindertenausweis 50% oder mehr, Grundsicherungs- oder Eingliederungshilfe Bezugsnachweis) \u00a0Die Kosten bei Inanspruchnahme der Angebote des Familienentlastenden Dienstes sind weitestgehend durch die Pflegekassen (Krankenkassen) abgedeckt, der Einzelfall ist mit den Mitarbeitern des Familienentlastenden Dienstes zu kl\u00e4ren. Die aktuelle Beitrittserkl\u00e4rung kann auch hier als PDF heruntergeladen werden. Den ausgef\u00fcllten Antrag k\u00f6nnen Sie per Post oder als Fax an uns zur\u00fcckschicken oder ihn auch gerne pers\u00f6nlich bei uns vorbeibringen.\", \"Deutsch Female\");\n                }\n            };\n        <\/script>\n    <\/p>\n<p><a href=\"https:\/\/www.lebenshilfe-kv-gg.de\/?page_id=12272\">Diese Seite in einfacher Sprache lesen<\/a><\/p>\n<p>Die Lebenshilfe Kreisvereinigung Gro\u00df-Gerau bietet ihren Mitgliedern eine Reihe unterschiedlicher Angebote, von fachlicher Beratung in allen behinderungsspezifischen Fragen, Informationen \u00fcber neue Entwicklungen, Vortragsveranstaltungen, bis hin zur Geselligkeit, in Form von Festen und Ausfl\u00fcgen. Mit Ihrer Mitgliedschaft unterst\u00fctzen Sie in erster Linie die Errichtung, das Betreiben und die F\u00f6rderung aller Ma\u00dfnahmen, die eine wirksame Hilfe f\u00fcr Menschen mit einer Behinderung in allen Altersstufen und ihren Familien bedeuten (vgl. Satzung der Lebenshilfe Kreisvereinigung Gro\u00df-Gerau \u00a7 2 Aufgaben und Zweck).<br \/>\nGanz pers\u00f6nlich f\u00fcr Sie steht Ihnen die Beratungskompetenz des Vorstandes und der Gesch\u00e4ftsf\u00fchrung zur Verf\u00fcgung.<br \/>\n\u00dcber die Gesch\u00e4ftsstelle vermitteln wir Kontakte zum Landes- und Bundesverband der Lebenshilfe (z.B. bei einer gew\u00fcnschten Rechtsberatung).<br \/>\nSollten Sie Fragen zu unterschiedlichen Themenbereichen (z.B. Urlaubsangebote f\u00fcr Menschen mit einer Behinderung, Kurzzeitpflegeeinrichtungen, Symptome &amp; med. Aspekte etc.) haben, stellen wir Ihnen gerne Informationsmaterial zur Verf\u00fcgung und\/oder helfen mit einem pers\u00f6nlichen Gespr\u00e4ch weiter.<br \/>\nBei Interesse an einer Mitgliedschaft stehen wir Ihnen gerne telefonisch oder im pers\u00f6nlichen Gespr\u00e4ch zur Verf\u00fcgung.<\/p>\n<p><strong style=\"line-height: 1.5em;\">Kosten f\u00fcr die Mitgliedschaft\u00a0<\/strong><\/p>\n<ul>\n<li>Jahresmitgliedsbeitrag 50,00 Euro, f\u00fcr erwachsene Menschen mit Behinderung nach Einzelbeantragung beim Lebenshilfe-Vorstand 15,00 Euro (Voraussetzung: Behindertenausweis 50% oder mehr, Grundsicherungs- oder Eingliederungshilfe Bezugsnachweis)<\/li>\n<li><span style=\"line-height: 1.5em;\">\u00a0Die Kosten bei Inanspruchnahme der Angebote des Familienentlastenden Dienstes sind weitestgehend durch die Pflegekassen (Krankenkassen) abgedeckt, der Einzelfall ist mit den Mitarbeitern des Familienentlastenden Dienstes zu kl\u00e4ren.<\/span><\/li>\n<\/ul>\n<p>Die aktuelle Beitrittserkl\u00e4rung kann auch <a href=\"https:\/\/www.lebenshilfe-kv-gg.de\/wp-content\/uploads\/2022\/11\/Beitrittserklaerung-Einfache-Sprache-2022.pdf\" target=\"_blank\" rel=\"noopener noreferrer\">hier als PDF<\/a> heruntergeladen werden. Den ausgef\u00fcllten Antrag k\u00f6nnen Sie per Post oder als Fax an uns zur\u00fcckschicken oder ihn auch gerne pers\u00f6nlich bei uns vorbeibringen.<\/p>\n","protected":false},"excerpt":{"rendered":"<p>Diese Seite in einfacher Sprache lesen Die Lebenshilfe Kreisvereinigung Gro\u00df-Gerau bietet ihren Mitgliedern eine Reihe unterschiedlicher Angebote, von fachlicher Beratung in allen behinderungsspezifischen Fragen, Informationen \u00fcber neue Entwicklungen, Vortragsveranstaltungen, bis <a class=\"more-link\" href=\"https:\/\/www.lebenshilfe-kv-gg.de\/?page_id=30\">Weiterlesen &#8230; \u2192<\/a><\/p>\n","protected":false},"author":1,"featured_media":0,"parent":22,"menu_order":6,"comment_status":"closed","ping_status":"open","template":"","meta":{"footnotes":""},"class_list":["post-30","page","type-page","status-publish","hentry"],"_links":{"self":[{"href":"https:\/\/www.lebenshilfe-kv-gg.de\/index.php?rest_route=\/wp\/v2\/pages\/30","targetHints":{"allow":["GET"]}}],"collection":[{"href":"https:\/\/www.lebenshilfe-kv-gg.de\/index.php?rest_route=\/wp\/v2\/pages"}],"about":[{"href":"https:\/\/www.lebenshilfe-kv-gg.de\/index.php?rest_route=\/wp\/v2\/types\/page"}],"author":[{"embeddable":true,"href":"https:\/\/www.lebenshilfe-kv-gg.de\/index.php?rest_route=\/wp\/v2\/users\/1"}],"replies":[{"embeddable":true,"href":"https:\/\/www.lebenshilfe-kv-gg.de\/index.php?rest_route=%2Fwp%2Fv2%2Fcomments&post=30"}],"version-history":[{"count":16,"href":"https:\/\/www.lebenshilfe-kv-gg.de\/index.php?rest_route=\/wp\/v2\/pages\/30\/revisions"}],"predecessor-version":[{"id":13932,"href":"https:\/\/www.lebenshilfe-kv-gg.de\/index.php?rest_route=\/wp\/v2\/pages\/30\/revisions\/13932"}],"up":[{"embeddable":true,"href":"https:\/\/www.lebenshilfe-kv-gg.de\/index.php?rest_route=\/wp\/v2\/pages\/22"}],"wp:attachment":[{"href":"https:\/\/www.lebenshilfe-kv-gg.de\/index.php?rest_route=%2Fwp%2Fv2%2Fmedia&parent=30"}],"curies":[{"name":"wp","href":"https:\/\/api.w.org\/{rel}","templated":true}]}}