{"id":3514,"date":"2016-04-28T12:47:10","date_gmt":"2016-04-28T12:47:10","guid":{"rendered":"http:\/\/www.lebenshilfe-kv-gg.de\/?page_id=3514"},"modified":"2024-10-10T14:15:52","modified_gmt":"2024-10-10T14:15:52","slug":"unser-programmheft","status":"publish","type":"page","link":"https:\/\/www.lebenshilfe-kv-gg.de\/?page_id=3514","title":{"rendered":"Antragsformulare der Eingliederungshilfe"},"content":{"rendered":"<p><button id=\"listenButton1\" class=\"responsivevoice-button\" type=\"button\" value=\"Play\" title=\"ResponsiveVoice Tap to Start\/Stop Speech\"><span>&#128266; Seite vorlesen lassen<\/span><\/button>\n        <script>\n            listenButton1.onclick = function(){\n                if(responsiveVoice.isPlaying()){\n                    responsiveVoice.cancel();\n                }else{\n                    responsiveVoice.speak(\"Hier k\u00f6nnen sie das aktuelle Antragsformular der Eingliederungshilfe zur Gew\u00e4hrung von Assistenzleistungen herunterladen. Sollten sie das Formular nicht drucken k\u00f6nnen, so ist dieses auch in gedruckter Form hier erh\u00e4ltlich: Kreisausschuss des Kreises Gro\u00df-Gerau Soziale Sicherung \u2013 Sachgebiet Wirtschaftliche Eingliederungshilfe Wilhelm-Seipp-Stra\u00dfe 4 64521 Gro\u00df-Gerau Antrag EGH Anlage Verm\u00f6gen Anlage Einkommen Anlage Assistenzleistung\", \"Deutsch Female\");\n                }\n            };\n        <\/script>\n    <br \/>\nHier k\u00f6nnen sie das aktuelle Antragsformular der Eingliederungshilfe zur Gew\u00e4hrung von Assistenzleistungen herunterladen. Sollten sie das Formular nicht drucken k\u00f6nnen, so ist dieses auch in gedruckter Form hier erh\u00e4ltlich:<\/p>\n<p>Kreisausschuss des Kreises Gro\u00df-Gerau<br \/>\nSoziale Sicherung \u2013 Sachgebiet Wirtschaftliche Eingliederungshilfe<br \/>\nWilhelm-Seipp-Stra\u00dfe 4<br \/>\n64521 Gro\u00df-Gerau<\/p>\n<p><a href=\"https:\/\/www.lebenshilfe-kv-gg.de\/wp-content\/uploads\/2023\/12\/Antrag-EGH.pdf\" target=\"_blank\" rel=\"noopener\">Antrag EGH<\/a> <a href=\"https:\/\/www.lebenshilfe-kv-gg.de\/wp-content\/uploads\/2023\/12\/Anlage-Vermoegen.pdf\" target=\"_blank\" rel=\"noopener\">Anlage Verm\u00f6gen<\/a> <a href=\"https:\/\/www.lebenshilfe-kv-gg.de\/wp-content\/uploads\/2023\/12\/Anlage-Einkommen.pdf\" target=\"_blank\" rel=\"noopener\">Anlage Einkommen<\/a> <a href=\"https:\/\/www.lebenshilfe-kv-gg.de\/wp-content\/uploads\/2023\/12\/Anlage-Assistenzleistung.pdf\" target=\"_blank\" rel=\"noopener\">Anlage Assistenzleistung<\/a><\/p>\n","protected":false},"excerpt":{"rendered":"<p>Hier k\u00f6nnen sie das aktuelle Antragsformular der Eingliederungshilfe zur Gew\u00e4hrung von Assistenzleistungen herunterladen. Sollten sie das Formular nicht drucken k\u00f6nnen, so ist dieses auch in gedruckter Form hier erh\u00e4ltlich: Kreisausschuss <a class=\"more-link\" href=\"https:\/\/www.lebenshilfe-kv-gg.de\/?page_id=3514\">Weiterlesen &#8230; \u2192<\/a><\/p>\n","protected":false},"author":1,"featured_media":0,"parent":37,"menu_order":10,"comment_status":"closed","ping_status":"closed","template":"","meta":{"footnotes":""},"class_list":["post-3514","page","type-page","status-publish","hentry"],"_links":{"self":[{"href":"https:\/\/www.lebenshilfe-kv-gg.de\/index.php?rest_route=\/wp\/v2\/pages\/3514","targetHints":{"allow":["GET"]}}],"collection":[{"href":"https:\/\/www.lebenshilfe-kv-gg.de\/index.php?rest_route=\/wp\/v2\/pages"}],"about":[{"href":"https:\/\/www.lebenshilfe-kv-gg.de\/index.php?rest_route=\/wp\/v2\/types\/page"}],"author":[{"embeddable":true,"href":"https:\/\/www.lebenshilfe-kv-gg.de\/index.php?rest_route=\/wp\/v2\/users\/1"}],"replies":[{"embeddable":true,"href":"https:\/\/www.lebenshilfe-kv-gg.de\/index.php?rest_route=%2Fwp%2Fv2%2Fcomments&post=3514"}],"version-history":[{"count":14,"href":"https:\/\/www.lebenshilfe-kv-gg.de\/index.php?rest_route=\/wp\/v2\/pages\/3514\/revisions"}],"predecessor-version":[{"id":14240,"href":"https:\/\/www.lebenshilfe-kv-gg.de\/index.php?rest_route=\/wp\/v2\/pages\/3514\/revisions\/14240"}],"up":[{"embeddable":true,"href":"https:\/\/www.lebenshilfe-kv-gg.de\/index.php?rest_route=\/wp\/v2\/pages\/37"}],"wp:attachment":[{"href":"https:\/\/www.lebenshilfe-kv-gg.de\/index.php?rest_route=%2Fwp%2Fv2%2Fmedia&parent=3514"}],"curies":[{"name":"wp","href":"https:\/\/api.w.org\/{rel}","templated":true}]}}