{"id":39,"date":"2014-04-07T12:02:37","date_gmt":"2014-04-07T12:02:37","guid":{"rendered":"http:\/\/www.lebenshilfe-kv-gg.de\/?page_id=39"},"modified":"2021-05-17T08:31:56","modified_gmt":"2021-05-17T08:31:56","slug":"schulassistenz","status":"publish","type":"page","link":"https:\/\/www.lebenshilfe-kv-gg.de\/?page_id=39","title":{"rendered":"Schulassistenz"},"content":{"rendered":"<p><button id=\"listenButton1\" class=\"responsivevoice-button\" type=\"button\" value=\"Play\" title=\"ResponsiveVoice Tap to Start\/Stop Speech\"><span>&#128266; Seite vorlesen lassen<\/span><\/button>\n        <script>\n            listenButton1.onclick = function(){\n                if(responsiveVoice.isPlaying()){\n                    responsiveVoice.cancel();\n                }else{\n                    responsiveVoice.speak(\"Schulassistent*innen sorgen mit ihrer engagierten Arbeit daf\u00fcr, dass Kinder mit den unterschiedlichsten Behinderungen m\u00f6glichst barrierefrei am Unterricht teilnehmen k\u00f6nnen. Schulassistent*innen leisten die hierbei notwendige Hilfestellung, indem sie Kinder mit einer Behinderung bei der Bew\u00e4ltigung des Schulalltags und der Eingliederung in die Klassengemeinschaft unterst\u00fctzen. Dies gilt umso mehr, da jedes Kind eigene F\u00e4higkeiten und Interessen besitzt, auf die der\/die Schulassistent*in f\u00f6rdernd wirken sollte. Die Schulassistent*innen werden von Tr\u00e4gerdiensten verschiedener gemeinn\u00fctziger Einrichtungen und Vereine gestellt, auch von der Lebenshilfe f\u00fcr Menschen mit geistiger Behinderung Kreisvereinigung Gro\u00df-Gerau. Diese steht im engen Kontakt sowohl mit dem Kreis Gro\u00df-Gerau als auch mit den Mitarbeiter*innen des Jugend- und Sozialamtes, die die Ma\u00dfnahmen begleiten und finanzieren.\", \"Deutsch Female\");\n                }\n            };\n        <\/script>\n    <br \/>\nSchulassistent*innen sorgen mit ihrer engagierten Arbeit daf\u00fcr, dass Kinder mit den unterschiedlichsten Behinderungen m\u00f6glichst barrierefrei am Unterricht teilnehmen k\u00f6nnen.<br \/>\nSchulassistent*innen leisten die hierbei notwendige Hilfestellung, indem sie Kinder mit einer Behinderung bei der Bew\u00e4ltigung des Schulalltags und der Eingliederung in die Klassengemeinschaft unterst\u00fctzen. Dies gilt umso mehr, da jedes Kind eigene F\u00e4higkeiten und Interessen besitzt, auf die der\/die Schulassistent*in f\u00f6rdernd wirken sollte.<br \/>\nDie Schulassistent*innen werden von Tr\u00e4gerdiensten verschiedener gemeinn\u00fctziger Einrichtungen und Vereine gestellt, auch von der Lebenshilfe f\u00fcr Menschen mit geistiger Behinderung Kreisvereinigung Gro\u00df-Gerau. Diese steht im engen Kontakt sowohl mit dem Kreis Gro\u00df-Gerau als auch mit den Mitarbeiter*innen des Jugend- und Sozialamtes, die die Ma\u00dfnahmen begleiten und finanzieren.<\/p>\n","protected":false},"excerpt":{"rendered":"<p>Schulassistent*innen sorgen mit ihrer engagierten Arbeit daf\u00fcr, dass Kinder mit den unterschiedlichsten Behinderungen m\u00f6glichst barrierefrei am Unterricht teilnehmen k\u00f6nnen. Schulassistent*innen leisten die hierbei notwendige Hilfestellung, indem sie Kinder mit einer <a class=\"more-link\" href=\"https:\/\/www.lebenshilfe-kv-gg.de\/?page_id=39\">Weiterlesen &#8230; \u2192<\/a><\/p>\n","protected":false},"author":1,"featured_media":0,"parent":37,"menu_order":1,"comment_status":"closed","ping_status":"open","template":"","meta":{"footnotes":""},"class_list":["post-39","page","type-page","status-publish","hentry"],"_links":{"self":[{"href":"https:\/\/www.lebenshilfe-kv-gg.de\/index.php?rest_route=\/wp\/v2\/pages\/39","targetHints":{"allow":["GET"]}}],"collection":[{"href":"https:\/\/www.lebenshilfe-kv-gg.de\/index.php?rest_route=\/wp\/v2\/pages"}],"about":[{"href":"https:\/\/www.lebenshilfe-kv-gg.de\/index.php?rest_route=\/wp\/v2\/types\/page"}],"author":[{"embeddable":true,"href":"https:\/\/www.lebenshilfe-kv-gg.de\/index.php?rest_route=\/wp\/v2\/users\/1"}],"replies":[{"embeddable":true,"href":"https:\/\/www.lebenshilfe-kv-gg.de\/index.php?rest_route=%2Fwp%2Fv2%2Fcomments&post=39"}],"version-history":[{"count":4,"href":"https:\/\/www.lebenshilfe-kv-gg.de\/index.php?rest_route=\/wp\/v2\/pages\/39\/revisions"}],"predecessor-version":[{"id":12143,"href":"https:\/\/www.lebenshilfe-kv-gg.de\/index.php?rest_route=\/wp\/v2\/pages\/39\/revisions\/12143"}],"up":[{"embeddable":true,"href":"https:\/\/www.lebenshilfe-kv-gg.de\/index.php?rest_route=\/wp\/v2\/pages\/37"}],"wp:attachment":[{"href":"https:\/\/www.lebenshilfe-kv-gg.de\/index.php?rest_route=%2Fwp%2Fv2%2Fmedia&parent=39"}],"curies":[{"name":"wp","href":"https:\/\/api.w.org\/{rel}","templated":true}]}}