{"id":41,"date":"2014-04-07T12:03:11","date_gmt":"2014-04-07T12:03:11","guid":{"rendered":"http:\/\/www.lebenshilfe-kv-gg.de\/?page_id=41"},"modified":"2021-06-21T09:19:46","modified_gmt":"2021-06-21T09:19:46","slug":"ferien-und-freizeit","status":"publish","type":"page","link":"https:\/\/www.lebenshilfe-kv-gg.de\/?page_id=41","title":{"rendered":"Ferien und Reisen"},"content":{"rendered":"<p><button id=\"listenButton1\" class=\"responsivevoice-button\" type=\"button\" value=\"Play\" title=\"ResponsiveVoice Tap to Start\/Stop Speech\"><span>&#128266; Seite vorlesen lassen<\/span><\/button>\n        <script>\n            listenButton1.onclick = function(){\n                if(responsiveVoice.isPlaying()){\n                    responsiveVoice.cancel();\n                }else{\n                    responsiveVoice.speak(\"Diese Seite in Einfacher Sprache lesen Ferienbetreuung Die Ferienbetreuung ist eine Gruppenbetreuung und richtet sich an alle Schulkinder mit einer Behinderung. Sie findet in allen hessischen Schulferien in zwei hintereinander liegenden Wochen statt. Eltern melden ihre Kinder wochenweise an, f\u00fcr neue Teilnehmer*innen findet im Vorfeld ein Schnuppertag statt. Die Kinder werden t\u00e4glich von 9:00 Uhr bis 16:00 Uhr betreut. Ein nach Bedarf eingerichteter Fahrdienst erm\u00f6glicht es den Eltern, auch in den Ferien ihrer Berufst\u00e4tigkeit nachzugehen. In der Regel betr\u00e4gt der Betreuungsschl\u00fcssel 2:1. Das abwechslungsreiche Programm f\u00fcr die Ferienbetreuung erarbeitet das Betreuer*innenteam unter Ber\u00fccksichtigung der individuellen Vorlieben und F\u00e4higkeiten der Kinder. Neben gemeinsamem Spiel werden auch kreativ gestalterische oder musikalische Angebote sowie Ausfl\u00fcge gemacht. Teil der Sommerferienbetreuung ist eine alters\u00fcbergreifende und interessenorientierte Projektwoche, bei der es t\u00e4glich unterschiedliche Projekte gibt, unter denen die Kinder frei w\u00e4hlen k\u00f6nnen. Mit dieser Arbeitsweise versuchen wir die Selbstbestimmung und Selbstst\u00e4ndigkeit Ihrer Kinder zu unterst\u00fctzen und zu f\u00f6rdern. Am Ende der Woche findet eine Abschlusspr\u00e4sentation mit Einladung der Eltern statt. Girls-Week Die Girls-Week ist eine Betreuung, die speziell an M\u00e4dchen und junge Frauen, im Alter von sechs bis 25 Jahren, gerichtet ist. Sie findet immer ein mal pro Jahr in den hessischen Schulferien statt. Auf dem Programm stehen Angebote speziell f\u00fcr M\u00e4dchen und nat\u00fcrlich jede Menge Spa\u00df. Wie auch die Ferienbetreuung findet sie von 9 bis 16 Uhrstatt und auch hier kann ein Fahrdienst dazu gebucht werden. Sommerspa\u00df Der Sommerspa\u00df ist seit Jahren eine feste Gr\u00f6\u00dfe im Veranstaltungskalender der Lebenshilfe. Bis zu 30 Kindern, Jugendlichen und Erwachsenen mit einer Behinderung bieten wir eine Woche lang ein abwechslungsreiches und spannendes Programm, welches unter anderem Ausfl\u00fcge in regionale Freizeitparks, Spiel- und Sportangebote sowie jedes Jahr eine abenteuergespickte \u00dcbernachtung im weiteren Umfeld von Gro\u00df-Gerau bietet. Die Teilnehmer*innen werden dabei stets von erfahrenen Betreuer*innen der Lebenshilfe begleitet. Sommerfreizeit Die f\u00fcnft\u00e4gige Freizeit ist ein inklusives Angebot f\u00fcr Kinder und Jugendliche mit einer Behinderung und deren Geschwisterkinder, wobei die Urlaubsziele in behindertengerechten Freizeith\u00e4usern variieren. Teilnehmer*innen und Betreuer*innen gestalten gemeinsam vor Ort ein vielf\u00e4ltiges Freizeitangebot, wie Ausfl\u00fcge zu Sehensw\u00fcrdigkeiten, Lagerfeuer, Bastelangebote, Kinobesuche, etc.. Gemeinsam erlebt die Gruppe eine freudige, abenteuerreiche und spa\u00dfige Zeit. Ferienfreizeiten Jedes Jahr bieten wir angepasst f\u00fcr verschiedene Altersgruppen und Grade einer Behinderung unterschiedliche Freizeiten an. Diese finden immer \u00fcber mehrere Tage statt und haben stets ein festes Motto. So bieten wir beispielsweise Wanderfreizeiten und klassische Urlaubsreisen an einen Strand an. Diese Reisen sind sowohl im In- als auch Ausland. Das Programm \u00e4ndert sich j\u00e4hrlich, um m\u00f6glichst viel Abwechslung zu bieten. In unserem j\u00e4hrlichen Programmflyer f\u00fcr das Freizeitprogramm sind immer alle aktuellen Freizeiten aufgelistet.\", \"Deutsch Female\");\n                }\n            };\n        <\/script>\n    <\/p>\n<p><a href=\"https:\/\/www.lebenshilfe-kv-gg.de\/?page_id=12278\">Diese Seite in Einfacher Sprache lesen<\/a><\/p>\n<p><strong>Ferienbetreuung<\/strong><\/p>\n<p>Die Ferienbetreuung ist eine Gruppenbetreuung und richtet sich an alle Schulkinder mit einer Behinderung. Sie findet in allen hessischen Schulferien in zwei hintereinander liegenden Wochen statt. Eltern melden ihre Kinder wochenweise an, f\u00fcr neue Teilnehmer*innen findet im Vorfeld ein Schnuppertag statt. Die Kinder werden t\u00e4glich von 9:00 Uhr bis 16:00 Uhr betreut. Ein nach Bedarf eingerichteter Fahrdienst erm\u00f6glicht es den Eltern, auch in den Ferien ihrer Berufst\u00e4tigkeit nachzugehen. In der Regel betr\u00e4gt der Betreuungsschl\u00fcssel 2:1.<\/p>\n<p>Das abwechslungsreiche Programm f\u00fcr die Ferienbetreuung erarbeitet das Betreuer*innenteam unter Ber\u00fccksichtigung der individuellen Vorlieben und F\u00e4higkeiten der Kinder. Neben gemeinsamem Spiel werden auch kreativ gestalterische oder musikalische Angebote sowie Ausfl\u00fcge gemacht.<\/p>\n<p>Teil der Sommerferienbetreuung ist eine alters\u00fcbergreifende und interessenorientierte Projektwoche, bei der es t\u00e4glich unterschiedliche Projekte gibt, unter denen die Kinder frei w\u00e4hlen k\u00f6nnen. Mit dieser Arbeitsweise versuchen wir die Selbstbestimmung und Selbstst\u00e4ndigkeit Ihrer Kinder zu unterst\u00fctzen und zu f\u00f6rdern. Am Ende der Woche findet eine Abschlusspr\u00e4sentation mit Einladung der Eltern statt.<\/p>\n<\/p>\n<p><strong>Girls-Week<\/strong><\/p>\n<p>Die Girls-Week ist eine Betreuung, die speziell an M\u00e4dchen und junge Frauen, im Alter von sechs bis 25 Jahren, gerichtet ist. Sie findet immer ein mal pro Jahr in den hessischen Schulferien statt. Auf dem Programm stehen Angebote speziell f\u00fcr M\u00e4dchen und nat\u00fcrlich jede Menge Spa\u00df. Wie auch die Ferienbetreuung findet sie <span dir=\"ltr\">von 9 bis 16 Uhr<\/span>statt und auch hier kann ein Fahrdienst dazu gebucht werden.<\/p>\n<\/p>\n<p><strong>Sommerspa\u00df<\/strong><\/p>\n<p>Der Sommerspa\u00df ist seit Jahren eine feste Gr\u00f6\u00dfe im Veranstaltungskalender der Lebenshilfe. Bis zu 30 Kindern, Jugendlichen und Erwachsenen mit einer Behinderung bieten wir eine Woche lang ein abwechslungsreiches und spannendes Programm, welches unter anderem Ausfl\u00fcge in regionale Freizeitparks, Spiel- und Sportangebote sowie jedes Jahr eine abenteuergespickte \u00dcbernachtung im weiteren Umfeld von Gro\u00df-Gerau bietet. Die Teilnehmer*innen werden dabei stets von erfahrenen Betreuer*innen der Lebenshilfe begleitet.<\/p>\n<\/p>\n<p><strong>Sommerfreizeit<\/strong><\/p>\n<p>Die f\u00fcnft\u00e4gige Freizeit ist ein inklusives Angebot f\u00fcr Kinder und Jugendliche mit einer Behinderung und deren Geschwisterkinder, wobei die Urlaubsziele in behindertengerechten Freizeith\u00e4usern variieren. Teilnehmer*innen und Betreuer*innen gestalten gemeinsam vor Ort ein vielf\u00e4ltiges Freizeitangebot, wie Ausfl\u00fcge zu Sehensw\u00fcrdigkeiten, Lagerfeuer, Bastelangebote, Kinobesuche, etc.. Gemeinsam erlebt die Gruppe eine freudige, abenteuerreiche und spa\u00dfige Zeit.<\/p>\n<\/p>\n<p><strong>Ferienfreizeiten<\/strong><\/p>\n<p>Jedes Jahr bieten wir angepasst f\u00fcr verschiedene Altersgruppen und Grade einer Behinderung unterschiedliche Freizeiten an. Diese finden immer \u00fcber mehrere Tage statt und haben stets ein festes Motto. So bieten wir beispielsweise Wanderfreizeiten und klassische Urlaubsreisen an einen Strand an. Diese Reisen sind sowohl im In- als auch Ausland. Das Programm \u00e4ndert sich j\u00e4hrlich, um m\u00f6glichst viel Abwechslung zu bieten. In unserem j\u00e4hrlichen Programmflyer f\u00fcr das Freizeitprogramm sind immer alle aktuellen Freizeiten aufgelistet.<\/p><\/p>\n","protected":false},"excerpt":{"rendered":"<p>Diese Seite in Einfacher Sprache lesen Ferienbetreuung Die Ferienbetreuung ist eine Gruppenbetreuung und richtet sich an alle Schulkinder mit einer Behinderung. Sie findet in allen hessischen Schulferien in zwei hintereinander <a class=\"more-link\" href=\"https:\/\/www.lebenshilfe-kv-gg.de\/?page_id=41\">Weiterlesen &#8230; \u2192<\/a><\/p>\n","protected":false},"author":1,"featured_media":12402,"parent":37,"menu_order":7,"comment_status":"closed","ping_status":"open","template":"","meta":{"footnotes":""},"class_list":["post-41","page","type-page","status-publish","has-post-thumbnail","hentry"],"_links":{"self":[{"href":"https:\/\/www.lebenshilfe-kv-gg.de\/index.php?rest_route=\/wp\/v2\/pages\/41","targetHints":{"allow":["GET"]}}],"collection":[{"href":"https:\/\/www.lebenshilfe-kv-gg.de\/index.php?rest_route=\/wp\/v2\/pages"}],"about":[{"href":"https:\/\/www.lebenshilfe-kv-gg.de\/index.php?rest_route=\/wp\/v2\/types\/page"}],"author":[{"embeddable":true,"href":"https:\/\/www.lebenshilfe-kv-gg.de\/index.php?rest_route=\/wp\/v2\/users\/1"}],"replies":[{"embeddable":true,"href":"https:\/\/www.lebenshilfe-kv-gg.de\/index.php?rest_route=%2Fwp%2Fv2%2Fcomments&post=41"}],"version-history":[{"count":17,"href":"https:\/\/www.lebenshilfe-kv-gg.de\/index.php?rest_route=\/wp\/v2\/pages\/41\/revisions"}],"predecessor-version":[{"id":13808,"href":"https:\/\/www.lebenshilfe-kv-gg.de\/index.php?rest_route=\/wp\/v2\/pages\/41\/revisions\/13808"}],"up":[{"embeddable":true,"href":"https:\/\/www.lebenshilfe-kv-gg.de\/index.php?rest_route=\/wp\/v2\/pages\/37"}],"wp:featuredmedia":[{"embeddable":true,"href":"https:\/\/www.lebenshilfe-kv-gg.de\/index.php?rest_route=\/wp\/v2\/media\/12402"}],"wp:attachment":[{"href":"https:\/\/www.lebenshilfe-kv-gg.de\/index.php?rest_route=%2Fwp%2Fv2%2Fmedia&parent=41"}],"curies":[{"name":"wp","href":"https:\/\/api.w.org\/{rel}","templated":true}]}}