{"id":43,"date":"2014-04-07T12:05:18","date_gmt":"2014-04-07T12:05:18","guid":{"rendered":"http:\/\/www.lebenshilfe-kv-gg.de\/?page_id=43"},"modified":"2021-05-17T08:31:44","modified_gmt":"2021-05-17T08:31:44","slug":"einzelbetreuung","status":"publish","type":"page","link":"https:\/\/www.lebenshilfe-kv-gg.de\/?page_id=43","title":{"rendered":"Einzelbetreuung"},"content":{"rendered":"<p><button id=\"listenButton1\" class=\"responsivevoice-button\" type=\"button\" value=\"Play\" title=\"ResponsiveVoice Tap to Start\/Stop Speech\"><span>&#128266; Seite vorlesen lassen<\/span><\/button>\n        <script>\n            listenButton1.onclick = function(){\n                if(responsiveVoice.isPlaying()){\n                    responsiveVoice.cancel();\n                }else{\n                    responsiveVoice.speak(\"Die Mitarbeiter*innen der Lebenshilfe betreuen Menschen mit einer Behinderung zu Hause oder auch im Haus der Lebenshilfe. Dadurch schaffen sie nicht nur M\u00f6glichkeiten, Menschen mit Behinderung zu unterst\u00fctzen, sondern bieten Eltern auch die Chance, Entlastung zu erfahren. Wir helfen, dass die Betreuung auch im Krankheitsfall oder bei anderen Verhinderungsgr\u00fcnden gesichert ist. Viele unterschiedliche altersgerechte Betreuungsformen sind m\u00f6glich, \u00fcber gemeinsames Malen, Basteln und Spielen bis hin zu Ausfl\u00fcgen. Aber auch Hilfe bei allt\u00e4glichen Verrichtungen wie einer Begleitung zum Arzt, dem Beh\u00f6rdenbesuch oder einem Einkauf sind m\u00f6glich. Betreuungszeiten und \u2013umfang richten sich nach den W\u00fcnschen der Familien. Die Einzelbetreuung sowie die Freizeitangebote k\u00f6nnen \u00fcber die sogenannte stundenweise Verhinderungspflege oder zus\u00e4tzliche Betreuungsleistungen der Pflegekasse abgerechnet werden, sofern ein Anspruch auf diese Leistungen besteht.\", \"Deutsch Female\");\n                }\n            };\n        <\/script>\n    <br \/>\nDie Mitarbeiter*innen der Lebenshilfe betreuen Menschen mit einer Behinderung zu Hause oder auch im Haus der Lebenshilfe. Dadurch schaffen sie nicht nur M\u00f6glichkeiten, Menschen mit Behinderung zu unterst\u00fctzen, sondern bieten Eltern auch die Chance, Entlastung zu erfahren. Wir helfen, dass die Betreuung auch im Krankheitsfall oder bei anderen Verhinderungsgr\u00fcnden gesichert ist. Viele unterschiedliche altersgerechte Betreuungsformen sind m\u00f6glich, \u00fcber gemeinsames Malen, Basteln und Spielen bis hin zu Ausfl\u00fcgen. Aber auch Hilfe bei allt\u00e4glichen Verrichtungen wie einer Begleitung zum Arzt, dem Beh\u00f6rdenbesuch oder einem Einkauf sind m\u00f6glich. Betreuungszeiten und \u2013umfang richten sich nach den W\u00fcnschen der Familien.<\/p>\n<p>Die Einzelbetreuung sowie die Freizeitangebote k\u00f6nnen \u00fcber die sogenannte stundenweise Verhinderungspflege oder zus\u00e4tzliche Betreuungsleistungen der Pflegekasse abgerechnet werden, sofern ein Anspruch auf diese Leistungen besteht.<\/p>\n","protected":false},"excerpt":{"rendered":"<p>Die Mitarbeiter*innen der Lebenshilfe betreuen Menschen mit einer Behinderung zu Hause oder auch im Haus der Lebenshilfe. Dadurch schaffen sie nicht nur M\u00f6glichkeiten, Menschen mit Behinderung zu unterst\u00fctzen, sondern bieten <a class=\"more-link\" href=\"https:\/\/www.lebenshilfe-kv-gg.de\/?page_id=43\">Weiterlesen &#8230; \u2192<\/a><\/p>\n","protected":false},"author":1,"featured_media":195,"parent":37,"menu_order":2,"comment_status":"closed","ping_status":"open","template":"","meta":{"footnotes":""},"class_list":["post-43","page","type-page","status-publish","has-post-thumbnail","hentry"],"_links":{"self":[{"href":"https:\/\/www.lebenshilfe-kv-gg.de\/index.php?rest_route=\/wp\/v2\/pages\/43","targetHints":{"allow":["GET"]}}],"collection":[{"href":"https:\/\/www.lebenshilfe-kv-gg.de\/index.php?rest_route=\/wp\/v2\/pages"}],"about":[{"href":"https:\/\/www.lebenshilfe-kv-gg.de\/index.php?rest_route=\/wp\/v2\/types\/page"}],"author":[{"embeddable":true,"href":"https:\/\/www.lebenshilfe-kv-gg.de\/index.php?rest_route=\/wp\/v2\/users\/1"}],"replies":[{"embeddable":true,"href":"https:\/\/www.lebenshilfe-kv-gg.de\/index.php?rest_route=%2Fwp%2Fv2%2Fcomments&post=43"}],"version-history":[{"count":6,"href":"https:\/\/www.lebenshilfe-kv-gg.de\/index.php?rest_route=\/wp\/v2\/pages\/43\/revisions"}],"predecessor-version":[{"id":12145,"href":"https:\/\/www.lebenshilfe-kv-gg.de\/index.php?rest_route=\/wp\/v2\/pages\/43\/revisions\/12145"}],"up":[{"embeddable":true,"href":"https:\/\/www.lebenshilfe-kv-gg.de\/index.php?rest_route=\/wp\/v2\/pages\/37"}],"wp:featuredmedia":[{"embeddable":true,"href":"https:\/\/www.lebenshilfe-kv-gg.de\/index.php?rest_route=\/wp\/v2\/media\/195"}],"wp:attachment":[{"href":"https:\/\/www.lebenshilfe-kv-gg.de\/index.php?rest_route=%2Fwp%2Fv2%2Fmedia&parent=43"}],"curies":[{"name":"wp","href":"https:\/\/api.w.org\/{rel}","templated":true}]}}