{"id":4439,"date":"2016-09-01T09:11:33","date_gmt":"2016-09-01T09:11:33","guid":{"rendered":"http:\/\/www.lebenshilfe-kv-gg.de\/?page_id=4439"},"modified":"2025-04-24T14:05:05","modified_gmt":"2025-04-24T14:05:05","slug":"freizeitgruppen","status":"publish","type":"page","link":"https:\/\/www.lebenshilfe-kv-gg.de\/?page_id=4439","title":{"rendered":"Freizeitgruppen"},"content":{"rendered":"<p><button id=\"listenButton1\" class=\"responsivevoice-button\" type=\"button\" value=\"Play\" title=\"ResponsiveVoice Tap to Start\/Stop Speech\"><span>&#128266; Seite vorlesen lassen<\/span><\/button>\n        <script>\n            listenButton1.onclick = function(){\n                if(responsiveVoice.isPlaying()){\n                    responsiveVoice.cancel();\n                }else{\n                    responsiveVoice.speak(\"Diese Seite in Einfacher Sprache lesen Die Lebenshilfe bietet f\u00fcr Menschen mit einer Behinderung unterschiedlicher Altersstufen Freizeitgruppen f\u00fcr vielf\u00e4ltige Interessen an. Die Freizeitgruppen erm\u00f6glichen es den Kindern und Erwachsenen Freunde zu finden und gemeinsame Zeit abseits von Schule, Arbeit und Familie zu verbringen. Neben Ausfl\u00fcgen und gemeinsamem Kochen stehen auch Basteleien und Gesellschaftsspiele oder sportliche Aktivit\u00e4ten auf dem Programm. Freizeitgruppe M\u00f6rfelden Menschen mit einer Behinderung brauchen eigene Freir\u00e4ume: Tischkickern, Musik h\u00f6ren, in Gesellschaft spielen und vieles mehr. Jeden Mittwoch treffen sich unsere Erwachsenen von jung bis alt f\u00fcr dieses inklusive Angebot im Jugendhaus M\u00f6rfelden von 17:30 bis 19:30 Uhr, wobei sie den anderen jugendlichen Besucher*innen gleichgestellt sind. Sie werden dabei lediglich von drei Mitarbeiter*innen der Lebenshilfe begleitet. Montags-Treff\u00a0 Die jungen Erwachsenen aus Gro\u00df-Gerau und Umgebung treffen sich jeden Montag von 18 bis 20 Uhr im Haus der Lebenshilfe. Hier steht abwechslungsreiches Programm auf der Tagesordnung. Von kochen, basteln, jahreszeitlichen Feiern bis hin zu Spieleabenden ist hier f\u00fcr jeden etwas dabei.\", \"Deutsch Female\");\n                }\n            };\n        <\/script>\n    <\/p>\n<p><a href=\"https:\/\/www.lebenshilfe-kv-gg.de\/?page_id=12280\">Diese Seite in Einfacher Sprache lesen<\/a><\/p>\n<p>Die Lebenshilfe bietet f\u00fcr Menschen mit einer Behinderung unterschiedlicher Altersstufen Freizeitgruppen f\u00fcr vielf\u00e4ltige Interessen an. Die Freizeitgruppen erm\u00f6glichen es den Kindern und Erwachsenen Freunde zu finden und gemeinsame Zeit abseits von Schule, Arbeit und Familie zu verbringen. Neben Ausfl\u00fcgen und gemeinsamem Kochen stehen auch Basteleien und Gesellschaftsspiele oder sportliche Aktivit\u00e4ten auf dem Programm.<\/p>\n<p><strong>F<\/strong><strong>reizeitgruppe M\u00f6rfelden<\/strong><\/p>\n<p>Menschen mit einer Behinderung brauchen eigene Freir\u00e4ume: Tischkickern, Musik h\u00f6ren, in Gesellschaft spielen und vieles mehr. Jeden Mittwoch treffen sich unsere Erwachsenen von jung bis alt f\u00fcr dieses inklusive Angebot im Jugendhaus M\u00f6rfelden von 17:30 bis 19:30 Uhr, wobei sie den anderen jugendlichen Besucher*innen gleichgestellt sind. Sie werden dabei lediglich von drei Mitarbeiter*innen der Lebenshilfe begleitet.<\/p>\n<p><strong>Montags-Treff\u00a0<\/strong><\/p>\n<p>Die jungen Erwachsenen aus Gro\u00df-Gerau und Umgebung treffen sich jeden Montag von 18 bis 20 Uhr im Haus der Lebenshilfe. Hier steht abwechslungsreiches Programm auf der Tagesordnung. Von kochen, basteln, jahreszeitlichen Feiern bis hin zu Spieleabenden ist hier f\u00fcr jeden etwas dabei.<\/p>\n","protected":false},"excerpt":{"rendered":"<p>Diese Seite in Einfacher Sprache lesen Die Lebenshilfe bietet f\u00fcr Menschen mit einer Behinderung unterschiedlicher Altersstufen Freizeitgruppen f\u00fcr vielf\u00e4ltige Interessen an. Die Freizeitgruppen erm\u00f6glichen es den Kindern und Erwachsenen Freunde <a class=\"more-link\" href=\"https:\/\/www.lebenshilfe-kv-gg.de\/?page_id=4439\">Weiterlesen &#8230; \u2192<\/a><\/p>\n","protected":false},"author":1,"featured_media":0,"parent":37,"menu_order":5,"comment_status":"closed","ping_status":"closed","template":"","meta":{"footnotes":""},"class_list":["post-4439","page","type-page","status-publish","hentry"],"_links":{"self":[{"href":"https:\/\/www.lebenshilfe-kv-gg.de\/index.php?rest_route=\/wp\/v2\/pages\/4439","targetHints":{"allow":["GET"]}}],"collection":[{"href":"https:\/\/www.lebenshilfe-kv-gg.de\/index.php?rest_route=\/wp\/v2\/pages"}],"about":[{"href":"https:\/\/www.lebenshilfe-kv-gg.de\/index.php?rest_route=\/wp\/v2\/types\/page"}],"author":[{"embeddable":true,"href":"https:\/\/www.lebenshilfe-kv-gg.de\/index.php?rest_route=\/wp\/v2\/users\/1"}],"replies":[{"embeddable":true,"href":"https:\/\/www.lebenshilfe-kv-gg.de\/index.php?rest_route=%2Fwp%2Fv2%2Fcomments&post=4439"}],"version-history":[{"count":13,"href":"https:\/\/www.lebenshilfe-kv-gg.de\/index.php?rest_route=\/wp\/v2\/pages\/4439\/revisions"}],"predecessor-version":[{"id":14637,"href":"https:\/\/www.lebenshilfe-kv-gg.de\/index.php?rest_route=\/wp\/v2\/pages\/4439\/revisions\/14637"}],"up":[{"embeddable":true,"href":"https:\/\/www.lebenshilfe-kv-gg.de\/index.php?rest_route=\/wp\/v2\/pages\/37"}],"wp:attachment":[{"href":"https:\/\/www.lebenshilfe-kv-gg.de\/index.php?rest_route=%2Fwp%2Fv2%2Fmedia&parent=4439"}],"curies":[{"name":"wp","href":"https:\/\/api.w.org\/{rel}","templated":true}]}}