{"id":45,"date":"2014-04-07T12:07:29","date_gmt":"2014-04-07T12:07:29","guid":{"rendered":"http:\/\/www.lebenshilfe-kv-gg.de\/?page_id=45"},"modified":"2021-05-17T08:29:35","modified_gmt":"2021-05-17T08:29:35","slug":"kreativangebote","status":"publish","type":"page","link":"https:\/\/www.lebenshilfe-kv-gg.de\/?page_id=45","title":{"rendered":"Workshops"},"content":{"rendered":"<\/p>\n<p><button id=\"listenButton1\" class=\"responsivevoice-button\" type=\"button\" value=\"Play\" title=\"ResponsiveVoice Tap to Start\/Stop Speech\"><span>&#128266; Seite vorlesen lassen<\/span><\/button>\n        <script>\n            listenButton1.onclick = function(){\n                if(responsiveVoice.isPlaying()){\n                    responsiveVoice.cancel();\n                }else{\n                    responsiveVoice.speak(\"Unsere Workshops zur kreativen\u00a0Entfaltung Wir bieten j\u00e4hrlich wechselnde Workshops zu unterschiedlichen Themen an, die zumeist an einem oder zwei Wochenenden stattfinden. In Bastel- und Malworkshops soll die Kreativit\u00e4t der Teilnehmer*innen sowohl gefordert als auch gef\u00f6rdert werden. Beispielsweise schaffen die Teilnehmer*innen Kunstwerke f\u00fcr die Ausstellung der Kunstinitiative BehindART. Dar\u00fcber hinaus finden auch Bewegungsworkshops statt, um die motorischen und sensorischen F\u00e4higkeiten der Teilnehmer*innen zu st\u00e4rken. Das aktuelle Programm kann immer bei den Mitarbeiter*innen im Freizeitbereich erfragt werden.\", \"Deutsch Female\");\n                }\n            };\n        <\/script>\n    <\/p>\n<p><strong>Unsere Workshops zur kreativen\u00a0<\/strong><b>Entfaltung<\/b><\/p>\n<p>Wir bieten j\u00e4hrlich wechselnde Workshops zu unterschiedlichen Themen an, die zumeist an einem oder zwei Wochenenden stattfinden.<\/p>\n<p>In Bastel- und Malworkshops soll die Kreativit\u00e4t der Teilnehmer*innen sowohl gefordert als auch gef\u00f6rdert werden. Beispielsweise schaffen die Teilnehmer*innen Kunstwerke f\u00fcr die Ausstellung der Kunstinitiative BehindART.<\/p>\n<p>Dar\u00fcber hinaus finden auch Bewegungsworkshops statt, um die motorischen und sensorischen F\u00e4higkeiten der Teilnehmer*innen zu st\u00e4rken.<\/p>\n<p>Das aktuelle Programm kann immer bei den Mitarbeiter*innen im Freizeitbereich erfragt werden.<\/p>\n","protected":false},"excerpt":{"rendered":"<p>Unsere Workshops zur kreativen\u00a0Entfaltung Wir bieten j\u00e4hrlich wechselnde Workshops zu unterschiedlichen Themen an, die zumeist an einem oder zwei Wochenenden stattfinden. In Bastel- und Malworkshops soll die Kreativit\u00e4t der Teilnehmer*innen <a class=\"more-link\" href=\"https:\/\/www.lebenshilfe-kv-gg.de\/?page_id=45\">Weiterlesen &#8230; \u2192<\/a><\/p>\n","protected":false},"author":1,"featured_media":12403,"parent":37,"menu_order":8,"comment_status":"closed","ping_status":"open","template":"","meta":{"footnotes":""},"class_list":["post-45","page","type-page","status-publish","has-post-thumbnail","hentry"],"_links":{"self":[{"href":"https:\/\/www.lebenshilfe-kv-gg.de\/index.php?rest_route=\/wp\/v2\/pages\/45","targetHints":{"allow":["GET"]}}],"collection":[{"href":"https:\/\/www.lebenshilfe-kv-gg.de\/index.php?rest_route=\/wp\/v2\/pages"}],"about":[{"href":"https:\/\/www.lebenshilfe-kv-gg.de\/index.php?rest_route=\/wp\/v2\/types\/page"}],"author":[{"embeddable":true,"href":"https:\/\/www.lebenshilfe-kv-gg.de\/index.php?rest_route=\/wp\/v2\/users\/1"}],"replies":[{"embeddable":true,"href":"https:\/\/www.lebenshilfe-kv-gg.de\/index.php?rest_route=%2Fwp%2Fv2%2Fcomments&post=45"}],"version-history":[{"count":10,"href":"https:\/\/www.lebenshilfe-kv-gg.de\/index.php?rest_route=\/wp\/v2\/pages\/45\/revisions"}],"predecessor-version":[{"id":12410,"href":"https:\/\/www.lebenshilfe-kv-gg.de\/index.php?rest_route=\/wp\/v2\/pages\/45\/revisions\/12410"}],"up":[{"embeddable":true,"href":"https:\/\/www.lebenshilfe-kv-gg.de\/index.php?rest_route=\/wp\/v2\/pages\/37"}],"wp:featuredmedia":[{"embeddable":true,"href":"https:\/\/www.lebenshilfe-kv-gg.de\/index.php?rest_route=\/wp\/v2\/media\/12403"}],"wp:attachment":[{"href":"https:\/\/www.lebenshilfe-kv-gg.de\/index.php?rest_route=%2Fwp%2Fv2%2Fmedia&parent=45"}],"curies":[{"name":"wp","href":"https:\/\/api.w.org\/{rel}","templated":true}]}}