{"id":47,"date":"2014-04-07T12:07:45","date_gmt":"2014-04-07T12:07:45","guid":{"rendered":"http:\/\/www.lebenshilfe-kv-gg.de\/?page_id=47"},"modified":"2025-04-24T14:06:29","modified_gmt":"2025-04-24T14:06:29","slug":"tanzgruppe","status":"publish","type":"page","link":"https:\/\/www.lebenshilfe-kv-gg.de\/?page_id=47","title":{"rendered":"Tanz- und Theatergruppen"},"content":{"rendered":"<p><button id=\"listenButton1\" class=\"responsivevoice-button\" type=\"button\" value=\"Play\" title=\"ResponsiveVoice Tap to Start\/Stop Speech\"><span>&#128266; Seite vorlesen lassen<\/span><\/button>\n        <script>\n            listenButton1.onclick = function(){\n                if(responsiveVoice.isPlaying()){\n                    responsiveVoice.cancel();\n                }else{\n                    responsiveVoice.speak(\"Diese Seite in Einfacher Sprache lesen F\u00fcr die Teilnahme an diesen Angeboten muss man Mitglied in unserem Verein sein. Sport- und Bewegungsgruppe Jeden Mittwoch von 16:30 bis 17:30 Uhr wird es sportlich in der Turnhalle der Schillerschule Gernsheim. Die beiden Trainerinnen passen das Angebot an die individuellen F\u00e4higkeiten und Vorlieben der bunt gemischten Gruppe an, sodass hier eine f\u00fcr alle Teilnehmer*innen angemessene Bewegung stattfindet und auch \u00e4ltere Teilnehmer*innen ihre Beweglichkeit erhalten k\u00f6nnen. Theatergruppe \\\"Regenbogen\\\" Alle 14 Tage samstags von 13:00 bis 15:00 Uhr trifft sich die Theatergruppe \u201eRegenbogen\u201c im Haus der Lebenshilfe. Gemeinsam werden nach eigenen Ideen St\u00fccke verfasst, einge\u00fcbt und auch in regionalen Theatern und auf Festen aufgef\u00fchrt.\", \"Deutsch Female\");\n                }\n            };\n        <\/script>\n    <\/p>\n<p><a href=\"https:\/\/www.lebenshilfe-kv-gg.de\/?page_id=12282\">Diese Seite in Einfacher Sprache lesen<\/a><\/p>\n<p><strong>F\u00fcr die Teilnahme an diesen Angeboten muss man Mitglied in unserem Verein sein.<\/strong><\/p>\n<p><strong>Sport- und Bewegungsgruppe<\/strong><\/p>\n<p>Jeden Mittwoch von 16:30 bis 17:30 Uhr wird es sportlich in der Turnhalle der Schillerschule Gernsheim. Die beiden Trainerinnen passen das Angebot an die individuellen F\u00e4higkeiten und Vorlieben der bunt gemischten Gruppe an, sodass hier eine f\u00fcr alle Teilnehmer*innen angemessene Bewegung stattfindet und auch \u00e4ltere Teilnehmer*innen ihre Beweglichkeit erhalten k\u00f6nnen.<\/p>\n<p><b>Theatergruppe &#8222;Regenbogen&#8220;<\/b><\/p>\n<p>Alle 14 Tage samstags von 13:00 bis 15:00 Uhr trifft sich die Theatergruppe \u201eRegenbogen\u201c im Haus der Lebenshilfe. Gemeinsam werden nach eigenen Ideen St\u00fccke verfasst, einge\u00fcbt und auch in regionalen Theatern und auf Festen aufgef\u00fchrt.<\/p>\n","protected":false},"excerpt":{"rendered":"<p>Diese Seite in Einfacher Sprache lesen F\u00fcr die Teilnahme an diesen Angeboten muss man Mitglied in unserem Verein sein. Sport- und Bewegungsgruppe Jeden Mittwoch von 16:30 bis 17:30 Uhr wird <a class=\"more-link\" href=\"https:\/\/www.lebenshilfe-kv-gg.de\/?page_id=47\">Weiterlesen &#8230; \u2192<\/a><\/p>\n","protected":false},"author":1,"featured_media":12411,"parent":37,"menu_order":9,"comment_status":"closed","ping_status":"open","template":"","meta":{"footnotes":""},"class_list":["post-47","page","type-page","status-publish","has-post-thumbnail","hentry"],"_links":{"self":[{"href":"https:\/\/www.lebenshilfe-kv-gg.de\/index.php?rest_route=\/wp\/v2\/pages\/47","targetHints":{"allow":["GET"]}}],"collection":[{"href":"https:\/\/www.lebenshilfe-kv-gg.de\/index.php?rest_route=\/wp\/v2\/pages"}],"about":[{"href":"https:\/\/www.lebenshilfe-kv-gg.de\/index.php?rest_route=\/wp\/v2\/types\/page"}],"author":[{"embeddable":true,"href":"https:\/\/www.lebenshilfe-kv-gg.de\/index.php?rest_route=\/wp\/v2\/users\/1"}],"replies":[{"embeddable":true,"href":"https:\/\/www.lebenshilfe-kv-gg.de\/index.php?rest_route=%2Fwp%2Fv2%2Fcomments&post=47"}],"version-history":[{"count":15,"href":"https:\/\/www.lebenshilfe-kv-gg.de\/index.php?rest_route=\/wp\/v2\/pages\/47\/revisions"}],"predecessor-version":[{"id":14638,"href":"https:\/\/www.lebenshilfe-kv-gg.de\/index.php?rest_route=\/wp\/v2\/pages\/47\/revisions\/14638"}],"up":[{"embeddable":true,"href":"https:\/\/www.lebenshilfe-kv-gg.de\/index.php?rest_route=\/wp\/v2\/pages\/37"}],"wp:featuredmedia":[{"embeddable":true,"href":"https:\/\/www.lebenshilfe-kv-gg.de\/index.php?rest_route=\/wp\/v2\/media\/12411"}],"wp:attachment":[{"href":"https:\/\/www.lebenshilfe-kv-gg.de\/index.php?rest_route=%2Fwp%2Fv2%2Fmedia&parent=47"}],"curies":[{"name":"wp","href":"https:\/\/api.w.org\/{rel}","templated":true}]}}