{"id":50,"date":"2014-04-07T12:08:33","date_gmt":"2014-04-07T12:08:33","guid":{"rendered":"http:\/\/www.lebenshilfe-kv-gg.de\/?page_id=50"},"modified":"2021-05-17T08:31:19","modified_gmt":"2021-05-17T08:31:19","slug":"fahrdienste","status":"publish","type":"page","link":"https:\/\/www.lebenshilfe-kv-gg.de\/?page_id=50","title":{"rendered":"Fahrdienste und Schulwegbegleitung"},"content":{"rendered":"<p><button id=\"listenButton1\" class=\"responsivevoice-button\" type=\"button\" value=\"Play\" title=\"ResponsiveVoice Tap to Start\/Stop Speech\"><span>&#128266; Seite vorlesen lassen<\/span><\/button>\n        <script>\n            listenButton1.onclick = function(){\n                if(responsiveVoice.isPlaying()){\n                    responsiveVoice.cancel();\n                }else{\n                    responsiveVoice.speak(\"Fahrdienste F\u00fcr \u00a0Menschen mit einer Behinderung stellt sich h\u00e4ufig die Frage: Wie komme ich vom meinem Wohnort zum Ort meiner Freizeitgestaltung (Sporthalle o.\u00e4.)? Oft ist aus verschiedensten Gr\u00fcnden eine Benutzung von \u00f6ffentlichen Verkehrsmittel f\u00fcr diese Menschen nicht m\u00f6glich, etwa durch eine schlechte Verkehrsanbindung oder pers\u00f6nliche Einschr\u00e4nkungen. Mit den Fahrzeugen der Lebenshilfe haben wir die M\u00f6glichkeit, solche Fahrdienste f\u00fcr Menschen mit Behinderungen nach Absprache anzubieten. Schulwegbegleitung Kinder, die beispielsweise unter Epilepsie leiden, sind auf allen ihren Wegen und Unternehmungen stets von einem Anfall bedroht. Um ihre Sicherheit zu gew\u00e4hrleisten, werden besonders gef\u00e4hrdete Kinder auf ihren Schulwegen in ihren Schulbussen oder Schultaxis von unseren Mitarbeiter*innen begleitet. Der Landeswohlfahrtsverband \u00fcbernimmt die Kosten nach Antrag.\", \"Deutsch Female\");\n                }\n            };\n        <\/script>\n    <br \/>\n<strong>Fahrdienste <\/strong><\/p>\n<p>F\u00fcr \u00a0Menschen mit einer Behinderung stellt sich h\u00e4ufig die Frage: Wie komme ich vom meinem Wohnort zum Ort meiner Freizeitgestaltung (Sporthalle o.\u00e4.)? Oft ist aus verschiedensten Gr\u00fcnden eine Benutzung von \u00f6ffentlichen Verkehrsmittel f\u00fcr diese Menschen nicht m\u00f6glich, etwa durch eine schlechte Verkehrsanbindung oder pers\u00f6nliche Einschr\u00e4nkungen.<br \/>\nMit den Fahrzeugen der Lebenshilfe haben wir die M\u00f6glichkeit, solche Fahrdienste f\u00fcr Menschen mit Behinderungen nach Absprache anzubieten.<\/p>\n<\/p>\n<p><b>Schulwegbegleitung<\/b><\/p>\n<p>Kinder, die beispielsweise unter Epilepsie leiden, sind auf allen ihren Wegen und Unternehmungen stets von einem Anfall bedroht. Um ihre Sicherheit zu gew\u00e4hrleisten, werden besonders gef\u00e4hrdete Kinder auf ihren Schulwegen in ihren Schulbussen oder Schultaxis von unseren Mitarbeiter*innen begleitet.<br \/>\nDer Landeswohlfahrtsverband \u00fcbernimmt die Kosten nach Antrag.<\/p>\n","protected":false},"excerpt":{"rendered":"<p>Fahrdienste F\u00fcr \u00a0Menschen mit einer Behinderung stellt sich h\u00e4ufig die Frage: Wie komme ich vom meinem Wohnort zum Ort meiner Freizeitgestaltung (Sporthalle o.\u00e4.)? Oft ist aus verschiedensten Gr\u00fcnden eine Benutzung <a class=\"more-link\" href=\"https:\/\/www.lebenshilfe-kv-gg.de\/?page_id=50\">Weiterlesen &#8230; \u2192<\/a><\/p>\n","protected":false},"author":1,"featured_media":0,"parent":37,"menu_order":3,"comment_status":"closed","ping_status":"open","template":"","meta":{"footnotes":""},"class_list":["post-50","page","type-page","status-publish","hentry"],"_links":{"self":[{"href":"https:\/\/www.lebenshilfe-kv-gg.de\/index.php?rest_route=\/wp\/v2\/pages\/50","targetHints":{"allow":["GET"]}}],"collection":[{"href":"https:\/\/www.lebenshilfe-kv-gg.de\/index.php?rest_route=\/wp\/v2\/pages"}],"about":[{"href":"https:\/\/www.lebenshilfe-kv-gg.de\/index.php?rest_route=\/wp\/v2\/types\/page"}],"author":[{"embeddable":true,"href":"https:\/\/www.lebenshilfe-kv-gg.de\/index.php?rest_route=\/wp\/v2\/users\/1"}],"replies":[{"embeddable":true,"href":"https:\/\/www.lebenshilfe-kv-gg.de\/index.php?rest_route=%2Fwp%2Fv2%2Fcomments&post=50"}],"version-history":[{"count":8,"href":"https:\/\/www.lebenshilfe-kv-gg.de\/index.php?rest_route=\/wp\/v2\/pages\/50\/revisions"}],"predecessor-version":[{"id":12157,"href":"https:\/\/www.lebenshilfe-kv-gg.de\/index.php?rest_route=\/wp\/v2\/pages\/50\/revisions\/12157"}],"up":[{"embeddable":true,"href":"https:\/\/www.lebenshilfe-kv-gg.de\/index.php?rest_route=\/wp\/v2\/pages\/37"}],"wp:attachment":[{"href":"https:\/\/www.lebenshilfe-kv-gg.de\/index.php?rest_route=%2Fwp%2Fv2%2Fmedia&parent=50"}],"curies":[{"name":"wp","href":"https:\/\/api.w.org\/{rel}","templated":true}]}}