{"id":55,"date":"2014-04-07T12:11:34","date_gmt":"2014-04-07T12:11:34","guid":{"rendered":"http:\/\/www.lebenshilfe-kv-gg.de\/?page_id=55"},"modified":"2021-05-17T08:17:07","modified_gmt":"2021-05-17T08:17:07","slug":"spenden-und-foerdern","status":"publish","type":"page","link":"https:\/\/www.lebenshilfe-kv-gg.de\/?page_id=55","title":{"rendered":"Spenden und F\u00f6rdern"},"content":{"rendered":"<div id=\"amznCharityBanner\"><script type=\"text\/javascript\">(function() {var iFrame = document.createElement('iframe'); iFrame.style.display = 'none'; iFrame.style.border = \"none\"; iFrame.width = 310; iFrame.height = 256; iFrame.setAttribute && iFrame.setAttribute('scrolling', 'no'); iFrame.setAttribute('frameborder', '0'); setTimeout(function() {var contents = (iFrame.contentWindow) ? iFrame.contentWindow : (iFrame.contentDocument.document) ? iFrame.contentDocument.document : iFrame.contentDocument; contents.document.open(); contents.document.write(decodeURIComponent(\"%3Cdiv%20id%3D%22amznCharityBannerInner%22%3E%3Ca%20href%3D%22https%3A%2F%2Fsmile.amazon.de%2Fch%2F21-250-70044%22%20target%3D%22_blank%22%3E%3Cdiv%20class%3D%22text%22%20height%3D%22%22%3E%3Cdiv%20class%3D%22support-wrapper%22%3E%3Cdiv%20class%3D%22support%22%20style%3D%22font-size%3A%2025px%3B%20line-height%3A%2028px%3B%20margin-top%3A%201px%3B%20margin-bottom%3A%200px%3B%22%3EUnterst%C3%BCtzen%20Sie%20%3Cspan%20id%3D%22charity-name%22%20style%3D%22display%3A%20inline-block%3B%22%3ELebenshilfe%20KV%20Gross-Gerau%20e.V.%2C%3C%2Fspan%3E%3C%2Fdiv%3E%3C%2Fdiv%3E%3Cdiv%20class%3D%22when-shop%22%3Eindem%20Sie%20auf%20%3Cb%3Esmile.amazon.de%3C%2Fb%3E%3C%2Fdiv%3E%3Cdiv%20class%3D%22donates%22%3E%20einkaufen.%3C%2Fdiv%3E%3C%2Fdiv%3E%3C%2Fa%3E%3C%2Fdiv%3E%3Cstyle%3E%23amznCharityBannerInner%7Bbackground-image%3Aurl(https%3A%2F%2Fimages-na.ssl-images-amazon.com%2Fimages%2FG%2F03%2Fx-locale%2Fpaladin%2Fcharitycentral%2Fbanner-background-image._CB526390082_.png)%3Bwidth%3A300px%3Bheight%3A250px%3Bposition%3Arelative%7D%23amznCharityBannerInner%20a%7Bdisplay%3Ablock%3Bwidth%3A100%25%3Bheight%3A100%25%3Bposition%3Arelative%3Bcolor%3A%23000%3Btext-decoration%3Anone%7D.text%7Bposition%3Aabsolute%3Btop%3A20px%3Bleft%3A15px%3Bright%3A15px%3Bbottom%3A100px%7D.support-wrapper%7Boverflow%3Ahidden%3Bmax-height%3A86px%7D.support%7Bfont-family%3AArial%2Csans%3Bfont-weight%3A700%3Bline-height%3A28px%3Bfont-size%3A25px%3Bcolor%3A%23333%3Btext-align%3Acenter%3Bmargin%3A0%3Bpadding%3A0%3Bbackground%3A0%200%7D.when-shop%7Bfont-family%3AArial%2Csans%3Bfont-size%3A15px%3Bfont-weight%3A400%3Bline-height%3A15px%3Bcolor%3A%23333%3Btext-align%3Acenter%3Bmargin%3A0%3Bpadding%3A0%3Bbackground%3A0%200%7D.donates%7Bfont-family%3AArial%2Csans%3Bfont-size%3A15px%3Bfont-weight%3A400%3Bline-height%3A21px%3Bcolor%3A%23333%3Btext-align%3Acenter%3Bmargin%3A0%3Bpadding%3A0%3Bbackground%3A0%200%7D%3C%2Fstyle%3E\")); contents.document.close(); iFrame.style.display = 'block';}); document.getElementById('amznCharityBanner').appendChild(iFrame); })(); <\/script><\/div>\n<\/p>\n<p><button id=\"listenButton1\" class=\"responsivevoice-button\" type=\"button\" value=\"Play\" title=\"ResponsiveVoice Tap to Start\/Stop Speech\"><span>&#128266; Seite vorlesen lassen<\/span><\/button>\n        <script>\n            listenButton1.onclick = function(){\n                if(responsiveVoice.isPlaying()){\n                    responsiveVoice.cancel();\n                }else{\n                    responsiveVoice.speak(\"Die Lebenshilfe Kreisvereinigung Gro\u00df-Gerau und der ihr angegliederte Familienentlastende Dienst sind bereits seit vielen Jahren ein verl\u00e4sslicher Partner f\u00fcr vielf\u00e4ltige und umfangreiche Angebote f\u00fcr Menschen mit einer Behinderung. Der Sommerspa\u00df wird seit nunmehr 20 Jahren angeboten und ist wie die Ferienbetreuung mittlerweile zu einer festen Gr\u00f6\u00dfe im Kreis Gro\u00df-Gerau geworden \u2013 ein Weg, den wir mit unserer seit wenigen Jahren angebotenen Ferienfreizeit ebenfalls beschreiten wollen, nicht nur, um Menschen mit einer Behinderung eine farbenfrohe Abwechslung vom Trott des Alltags zu bieten, sondern auch, um immer noch bestehende Ressentiments und Vorurteile abzubauen und so einen wichtigen Beitrag zur Inklusion von Menschen mit Behinderung in die Gesellschaft leisten zu k\u00f6nnen. Aber auch unsere regelm\u00e4\u00dfig stattfindenden Angebote wie Tanz- und Theatergruppen, Kinder-Treffs, Kunst- und Malkurse, Workshops und vielf\u00e4ltige Freizeitangebote f\u00fcr sowohl Kinder und Jugendliche als auch junge Erwachsene. Gerade unser j\u00fcngstes Freizeitangebot f\u00fcr junge Erwachsene soll diesen helfen, die meist nicht verplanten Wochenenden in den Wohnst\u00e4tten mit attraktiven und abwechslungsreichen Angeboten zu f\u00fcllen, denn gerade hier ist \u00fcblicherweise ein deutlicher Mangel an Freizeitaktivit\u00e4ten vorhanden. Hier bieten wir Gruppenbesuche bei Fu\u00dfball- und Eishockeyspielen bekannter Vereine aus der Region, Wanderausfl\u00fcge, Schifffahrten und Discobesuche an. Viele Teilnehmer bed\u00fcrfen aufgrund ihrer Behinderung (z.B. Epilepsie, Weglaufgef\u00e4hrdung, Aggressionen und Autoaggressionen) bei unseren Angeboten einer eigenen Betreuungsperson; daraus resultierend ist eine gro\u00dfe Anzahl von Betreuer*innen n\u00f6tig, um eine ad\u00e4quate Beaufsichtigung zu sichern. Auch, weil wir als gemeinn\u00fctziger Verein leider nur einen sehr geringen finanziellen Rahmen zur Verf\u00fcgung haben, m\u00fcssen viele unserer Angebote \u00fcber einen Elternanteil und durch Spenden erbracht werden. Nur mit Hilfe dieser Spenden ist es uns m\u00f6glich, die Kosten f\u00fcr die Betreuer*innen, den Fahrdienst, Material und Eintritte zu decken. Nur mit Hilfe Ihrer Spende gelingt es uns, unsere Angebote zu dem zu machen, was sie sind \u2013 ein unvergessliches Erlebnis f\u00fcr alle Teilnehmer*innen! Ihre Spende hilft uns, dringend ben\u00f6tigte Angebote f\u00fcr Menschen mit einer Behinderung anbieten zu k\u00f6nnen. Egal, wie hoch Ihre Spende ist, jeder Betrag hilft uns bei unserer Arbeit! Unterst\u00fctzen Sie die Arbeit der Lebenshilfe durch eine Spende auf folgendes Konto: Lebenshilfe Gro\u00df-Gerau e.V. BIC: HELADEF1GRG IBAN: DE15508525530007028798 Kreissparkasse Gro\u00df-Gerau\", \"Deutsch Female\");\n                }\n            };\n        <\/script>\n    <\/p>\n<h4>Die Lebenshilfe Kreisvereinigung Gro\u00df-Gerau und der ihr angegliederte Familienentlastende Dienst sind bereits seit vielen Jahren ein verl\u00e4sslicher Partner f\u00fcr vielf\u00e4ltige und umfangreiche Angebote f\u00fcr Menschen mit einer Behinderung.<\/h4>\n<\/p>\n<p>Der Sommerspa\u00df wird seit nunmehr 20 Jahren angeboten und ist wie die Ferienbetreuung mittlerweile zu einer festen Gr\u00f6\u00dfe im Kreis Gro\u00df-Gerau geworden \u2013 ein Weg, den wir mit unserer seit wenigen Jahren angebotenen Ferienfreizeit ebenfalls beschreiten wollen, nicht nur, um Menschen mit einer Behinderung eine farbenfrohe Abwechslung vom Trott des Alltags zu bieten, sondern auch, um immer noch bestehende Ressentiments und Vorurteile abzubauen und so einen wichtigen Beitrag zur Inklusion von Menschen mit Behinderung in die Gesellschaft leisten zu k\u00f6nnen.<br \/>\nAber auch unsere regelm\u00e4\u00dfig stattfindenden Angebote wie Tanz- und Theatergruppen, Kinder-Treffs, Kunst- und Malkurse, Workshops und vielf\u00e4ltige Freizeitangebote f\u00fcr sowohl Kinder und Jugendliche als auch junge Erwachsene.<\/p>\n<p>Gerade unser j\u00fcngstes Freizeitangebot f\u00fcr junge Erwachsene soll diesen helfen, die meist nicht verplanten Wochenenden in den Wohnst\u00e4tten mit attraktiven und abwechslungsreichen Angeboten zu f\u00fcllen, denn gerade hier ist \u00fcblicherweise ein deutlicher Mangel an Freizeitaktivit\u00e4ten vorhanden. Hier bieten wir Gruppenbesuche bei Fu\u00dfball- und Eishockeyspielen bekannter Vereine aus der Region, Wanderausfl\u00fcge, Schifffahrten und Discobesuche an.<\/p>\n<p>Viele Teilnehmer bed\u00fcrfen aufgrund ihrer Behinderung (z.B. Epilepsie, Weglaufgef\u00e4hrdung, Aggressionen und Autoaggressionen) bei unseren Angeboten einer eigenen Betreuungsperson; daraus resultierend ist eine gro\u00dfe Anzahl von Betreuer*innen n\u00f6tig, um eine ad\u00e4quate Beaufsichtigung zu sichern.<\/p>\n<p>Auch, weil wir als gemeinn\u00fctziger Verein leider nur einen sehr geringen finanziellen Rahmen zur Verf\u00fcgung haben, m\u00fcssen viele unserer Angebote \u00fcber einen Elternanteil und durch Spenden erbracht werden.<\/p>\n<div><\/div>\n<p>Nur mit Hilfe dieser Spenden ist es uns m\u00f6glich, die Kosten f\u00fcr die Betreuer*innen, den Fahrdienst, Material und Eintritte zu decken. Nur mit Hilfe Ihrer Spende gelingt es uns, unsere Angebote zu dem zu machen, was sie sind \u2013 ein unvergessliches Erlebnis f\u00fcr alle Teilnehmer*innen!<\/p>\n<p>Ihre Spende hilft uns, dringend ben\u00f6tigte Angebote f\u00fcr Menschen mit einer Behinderung anbieten zu k\u00f6nnen. Egal, wie hoch Ihre Spende ist, jeder Betrag hilft uns bei unserer Arbeit!<\/p>\n<p>Unterst\u00fctzen Sie die Arbeit der Lebenshilfe durch eine Spende auf folgendes Konto:<\/p>\n<p>Lebenshilfe Gro\u00df-Gerau e.V.<br \/>\nBIC: HELADEF1GRG IBAN: DE15508525530007028798<br \/>\nKreissparkasse Gro\u00df-Gerau<\/p>\n","protected":false},"excerpt":{"rendered":"<p>Die Lebenshilfe Kreisvereinigung Gro\u00df-Gerau und der ihr angegliederte Familienentlastende Dienst sind bereits seit vielen Jahren ein verl\u00e4sslicher Partner f\u00fcr vielf\u00e4ltige und umfangreiche Angebote f\u00fcr Menschen mit einer Behinderung. Der Sommerspa\u00df <a class=\"more-link\" href=\"https:\/\/www.lebenshilfe-kv-gg.de\/?page_id=55\">Weiterlesen &#8230; \u2192<\/a><\/p>\n","protected":false},"author":1,"featured_media":0,"parent":22,"menu_order":8,"comment_status":"closed","ping_status":"open","template":"","meta":{"footnotes":""},"class_list":["post-55","page","type-page","status-publish","hentry"],"_links":{"self":[{"href":"https:\/\/www.lebenshilfe-kv-gg.de\/index.php?rest_route=\/wp\/v2\/pages\/55","targetHints":{"allow":["GET"]}}],"collection":[{"href":"https:\/\/www.lebenshilfe-kv-gg.de\/index.php?rest_route=\/wp\/v2\/pages"}],"about":[{"href":"https:\/\/www.lebenshilfe-kv-gg.de\/index.php?rest_route=\/wp\/v2\/types\/page"}],"author":[{"embeddable":true,"href":"https:\/\/www.lebenshilfe-kv-gg.de\/index.php?rest_route=\/wp\/v2\/users\/1"}],"replies":[{"embeddable":true,"href":"https:\/\/www.lebenshilfe-kv-gg.de\/index.php?rest_route=%2Fwp%2Fv2%2Fcomments&post=55"}],"version-history":[{"count":16,"href":"https:\/\/www.lebenshilfe-kv-gg.de\/index.php?rest_route=\/wp\/v2\/pages\/55\/revisions"}],"predecessor-version":[{"id":12365,"href":"https:\/\/www.lebenshilfe-kv-gg.de\/index.php?rest_route=\/wp\/v2\/pages\/55\/revisions\/12365"}],"up":[{"embeddable":true,"href":"https:\/\/www.lebenshilfe-kv-gg.de\/index.php?rest_route=\/wp\/v2\/pages\/22"}],"wp:attachment":[{"href":"https:\/\/www.lebenshilfe-kv-gg.de\/index.php?rest_route=%2Fwp%2Fv2%2Fmedia&parent=55"}],"curies":[{"name":"wp","href":"https:\/\/api.w.org\/{rel}","templated":true}]}}