{"id":5667,"date":"2017-03-02T10:06:43","date_gmt":"2017-03-02T10:06:43","guid":{"rendered":"http:\/\/www.lebenshilfe-kv-gg.de\/?page_id=5667"},"modified":"2022-06-15T08:21:09","modified_gmt":"2022-06-15T08:21:09","slug":"fsj-bei-der-lebenshilfe","status":"publish","type":"page","link":"https:\/\/www.lebenshilfe-kv-gg.de\/?page_id=5667","title":{"rendered":"FSJ"},"content":{"rendered":"<p><button id=\"listenButton1\" class=\"responsivevoice-button\" type=\"button\" value=\"Play\" title=\"ResponsiveVoice Tap to Start\/Stop Speech\"><span>&#128266; Seite vorlesen lassen<\/span><\/button>\n        <script>\n            listenButton1.onclick = function(){\n                if(responsiveVoice.isPlaying()){\n                    responsiveVoice.cancel();\n                }else{\n                    responsiveVoice.speak(\"Das freiwillige soziale Jahr bietet jungen Menschen zwischen 16 und 26 Jahren die M\u00f6glichkeit, etwas f\u00fcr die Gemeinschaft zu tun und dabei auch etwas f\u00fcr sich selbst zu lernen. Das FSJ ist eine ganzt\u00e4gige Hilfst\u00e4tigkeit in gemeinwohlorientierten Einrichtungen, z.B. in der Altenhilfe und Behindertenhilfe, der Kinder- und Jugendhilfe oder in Einrichtungen der Gesundheitspflege sowie kulturellen Einrichtungen. Bei der Lebenshilfe Gro\u00df-Gerau e.V. erhalten FSJler*innen die Chance, auf vielf\u00e4ltige Weise Menschen mit einer Behinderung kennenzulernen, etwa in der Schulassistenz oder unseren vielf\u00e4ltigen Freizeitangeboten. Dar\u00fcber hinaus bietet das FSJ die M\u00f6glichkeit, in den B\u00fcroalltag zu blicken und Abl\u00e4ufe der Verwaltung zu verstehen. Das FSJ kann nat\u00fcrlich genutzt werden, um die Wartezeit f\u00fcr ein Studium oder eine Ausbildung zu \u00fcberbr\u00fccken, aber auch hilfreich sein, um Richtung f\u00fcr die pers\u00f6nliche Zukunft zu finden. Es werden Chancen geboten, die Pers\u00f6nlichkeit zu entwickeln, mit anderen Menschen in Kontakt zu treten, Konfliktsituationen zu meistern, die Gesellschaft aktiv mitzugestalten oder auch die eigene Tauglichkeit f\u00fcr soziale Berufe zu testen. Viele ehemalige FSJler*innen sind noch heute bei uns besch\u00e4ftigt. Das FSJ dauert bei der Lebenshilfe 12 Monate. Es beginnt \u00fcblicherweise am 1. August eines Jahres. Es wird ein Taschengeld gezahlt und die Versicherung in der gesetzlichen Kranken-, Renten-, Unfall-, Arbeitslosen- und Pflegeversicherung ist w\u00e4hrend dieser Zeit kostenlos. Dar\u00fcber hinaus besteht weiterhin der gesetzliche Anspruch auf Kindergeld. Anerkannte Tr\u00e4ger bieten bundesweit FSJ-Stellen an, die bei verschiedenen Einrichtungen stattfinden k\u00f6nnen. Im Kreis Gro\u00df-Gerau ist meist die Volunta der Tr\u00e4ger. Die Lebenshilfe Gro\u00df-Gerau e.V. ist eine Einrichtung, bei der FSJler*innen der Volunta zum Einsatz kommen. Gerne k\u00f6nnen sich Interessierte bei uns f\u00fcr weitere Informationen melden, etwa \u00fcber die T\u00e4tigkeitsfelder oder eine Bewerbung bei Volunta - W\u00fcnsche zur Einsatzstelle werden nat\u00fcrlich bei Volunta ber\u00fccksichtigt.\", \"Deutsch Female\");\n                }\n            };\n        <\/script>\n    <\/p>\n<p><img loading=\"lazy\" decoding=\"async\" class=\"alignleft size-large wp-image-13804\" src=\"https:\/\/www.lebenshilfe-kv-gg.de\/wp-content\/uploads\/2022\/06\/Bild_1_FB-1024x1024.jpg\" alt=\"\" width=\"750\" height=\"750\" srcset=\"https:\/\/www.lebenshilfe-kv-gg.de\/wp-content\/uploads\/2022\/06\/Bild_1_FB-1024x1024.jpg 1024w, https:\/\/www.lebenshilfe-kv-gg.de\/wp-content\/uploads\/2022\/06\/Bild_1_FB-300x300.jpg 300w, https:\/\/www.lebenshilfe-kv-gg.de\/wp-content\/uploads\/2022\/06\/Bild_1_FB-150x150.jpg 150w, https:\/\/www.lebenshilfe-kv-gg.de\/wp-content\/uploads\/2022\/06\/Bild_1_FB-768x768.jpg 768w, https:\/\/www.lebenshilfe-kv-gg.de\/wp-content\/uploads\/2022\/06\/Bild_1_FB-600x600.jpg 600w, https:\/\/www.lebenshilfe-kv-gg.de\/wp-content\/uploads\/2022\/06\/Bild_1_FB-144x144.jpg 144w, https:\/\/www.lebenshilfe-kv-gg.de\/wp-content\/uploads\/2022\/06\/Bild_1_FB.bmp 1200w\" sizes=\"auto, (max-width: 750px) 100vw, 750px\" \/><br \/>\nDas freiwillige soziale Jahr bietet jungen Menschen zwischen 16 und 26 Jahren die M\u00f6glichkeit, etwas f\u00fcr die Gemeinschaft zu tun und dabei auch etwas f\u00fcr sich selbst zu lernen.<\/p>\n<p>Das FSJ ist eine ganzt\u00e4gige Hilfst\u00e4tigkeit in gemeinwohlorientierten Einrichtungen, z.B. in der Altenhilfe und Behindertenhilfe, der Kinder- und Jugendhilfe oder in Einrichtungen der Gesundheitspflege sowie kulturellen Einrichtungen.<\/p>\n<p>Bei der Lebenshilfe Gro\u00df-Gerau e.V. erhalten FSJler*innen die Chance, auf vielf\u00e4ltige Weise Menschen mit einer Behinderung kennenzulernen, etwa in der Schulassistenz oder unseren vielf\u00e4ltigen Freizeitangeboten. Dar\u00fcber hinaus bietet das FSJ die M\u00f6glichkeit, in den B\u00fcroalltag zu blicken und Abl\u00e4ufe der Verwaltung zu verstehen.<\/p>\n<p>Das FSJ kann nat\u00fcrlich genutzt werden, um die Wartezeit f\u00fcr ein Studium oder eine Ausbildung zu \u00fcberbr\u00fccken, aber auch hilfreich sein, um Richtung f\u00fcr die pers\u00f6nliche Zukunft zu finden.<br \/>\nEs werden Chancen geboten, die Pers\u00f6nlichkeit zu entwickeln, mit anderen Menschen in Kontakt zu treten, Konfliktsituationen zu meistern, die Gesellschaft aktiv mitzugestalten oder auch die eigene Tauglichkeit f\u00fcr soziale Berufe zu testen. Viele ehemalige FSJler*innen sind noch heute bei uns besch\u00e4ftigt.<\/p>\n<p>Das FSJ dauert bei der Lebenshilfe 12 Monate. Es beginnt \u00fcblicherweise am 1. August eines Jahres. Es wird ein Taschengeld gezahlt und die Versicherung in der gesetzlichen Kranken-, Renten-, Unfall-, Arbeitslosen- und Pflegeversicherung ist w\u00e4hrend dieser Zeit kostenlos. Dar\u00fcber hinaus besteht weiterhin der gesetzliche Anspruch auf Kindergeld.<\/p>\n<p>Anerkannte Tr\u00e4ger bieten bundesweit FSJ-Stellen an, die bei verschiedenen Einrichtungen stattfinden k\u00f6nnen. Im Kreis Gro\u00df-Gerau ist meist die Volunta der Tr\u00e4ger. Die Lebenshilfe Gro\u00df-Gerau e.V. ist eine Einrichtung, bei der FSJler*innen der Volunta zum Einsatz kommen. Gerne k\u00f6nnen sich Interessierte bei uns f\u00fcr weitere Informationen melden, etwa \u00fcber die T\u00e4tigkeitsfelder oder eine Bewerbung bei <a href=\"https:\/\/www.volunta.de\/freiwilligendienst\/beratungscenter\/branches\/fsj-gross-gerau.html\" target=\"_blank\" rel=\"noopener noreferrer\">Volunta<\/a> &#8211; W\u00fcnsche zur Einsatzstelle werden nat\u00fcrlich bei Volunta ber\u00fccksichtigt.<\/p>\n<p><img loading=\"lazy\" decoding=\"async\" class=\"alignleft size-medium wp-image-13806\" src=\"https:\/\/www.lebenshilfe-kv-gg.de\/wp-content\/uploads\/2022\/06\/Logo-DRK-Volunta-gGmbH-300x186.jpg\" alt=\"\" width=\"300\" height=\"186\" srcset=\"https:\/\/www.lebenshilfe-kv-gg.de\/wp-content\/uploads\/2022\/06\/Logo-DRK-Volunta-gGmbH-300x186.jpg 300w, https:\/\/www.lebenshilfe-kv-gg.de\/wp-content\/uploads\/2022\/06\/Logo-DRK-Volunta-gGmbH-1024x636.jpg 1024w, https:\/\/www.lebenshilfe-kv-gg.de\/wp-content\/uploads\/2022\/06\/Logo-DRK-Volunta-gGmbH-768x477.jpg 768w, https:\/\/www.lebenshilfe-kv-gg.de\/wp-content\/uploads\/2022\/06\/Logo-DRK-Volunta-gGmbH-600x373.jpg 600w, https:\/\/www.lebenshilfe-kv-gg.de\/wp-content\/uploads\/2022\/06\/Logo-DRK-Volunta-gGmbH-1536x954.jpg 1536w, https:\/\/www.lebenshilfe-kv-gg.de\/wp-content\/uploads\/2022\/06\/Logo-DRK-Volunta-gGmbH-2048x1272.jpg 2048w, https:\/\/www.lebenshilfe-kv-gg.de\/wp-content\/uploads\/2022\/06\/Logo-DRK-Volunta-gGmbH-1320x820.jpg 1320w\" sizes=\"auto, (max-width: 300px) 100vw, 300px\" \/><\/p>\n","protected":false},"excerpt":{"rendered":"<p>Das freiwillige soziale Jahr bietet jungen Menschen zwischen 16 und 26 Jahren die M\u00f6glichkeit, etwas f\u00fcr die Gemeinschaft zu tun und dabei auch etwas f\u00fcr sich selbst zu lernen. Das <a class=\"more-link\" href=\"https:\/\/www.lebenshilfe-kv-gg.de\/?page_id=5667\">Weiterlesen &#8230; \u2192<\/a><\/p>\n","protected":false},"author":1,"featured_media":0,"parent":10171,"menu_order":5,"comment_status":"closed","ping_status":"closed","template":"","meta":{"footnotes":""},"class_list":["post-5667","page","type-page","status-publish","hentry"],"_links":{"self":[{"href":"https:\/\/www.lebenshilfe-kv-gg.de\/index.php?rest_route=\/wp\/v2\/pages\/5667","targetHints":{"allow":["GET"]}}],"collection":[{"href":"https:\/\/www.lebenshilfe-kv-gg.de\/index.php?rest_route=\/wp\/v2\/pages"}],"about":[{"href":"https:\/\/www.lebenshilfe-kv-gg.de\/index.php?rest_route=\/wp\/v2\/types\/page"}],"author":[{"embeddable":true,"href":"https:\/\/www.lebenshilfe-kv-gg.de\/index.php?rest_route=\/wp\/v2\/users\/1"}],"replies":[{"embeddable":true,"href":"https:\/\/www.lebenshilfe-kv-gg.de\/index.php?rest_route=%2Fwp%2Fv2%2Fcomments&post=5667"}],"version-history":[{"count":13,"href":"https:\/\/www.lebenshilfe-kv-gg.de\/index.php?rest_route=\/wp\/v2\/pages\/5667\/revisions"}],"predecessor-version":[{"id":13818,"href":"https:\/\/www.lebenshilfe-kv-gg.de\/index.php?rest_route=\/wp\/v2\/pages\/5667\/revisions\/13818"}],"up":[{"embeddable":true,"href":"https:\/\/www.lebenshilfe-kv-gg.de\/index.php?rest_route=\/wp\/v2\/pages\/10171"}],"wp:attachment":[{"href":"https:\/\/www.lebenshilfe-kv-gg.de\/index.php?rest_route=%2Fwp%2Fv2%2Fmedia&parent=5667"}],"curies":[{"name":"wp","href":"https:\/\/api.w.org\/{rel}","templated":true}]}}