{"id":66,"date":"2014-04-07T12:22:06","date_gmt":"2014-04-07T12:22:06","guid":{"rendered":"http:\/\/www.lebenshilfe-kv-gg.de\/?page_id=66"},"modified":"2023-12-12T10:31:10","modified_gmt":"2023-12-12T10:31:10","slug":"impressum","status":"publish","type":"page","link":"https:\/\/www.lebenshilfe-kv-gg.de\/?page_id=66","title":{"rendered":"Impressum"},"content":{"rendered":"<p><button id=\"listenButton1\" class=\"responsivevoice-button\" type=\"button\" value=\"Play\" title=\"ResponsiveVoice Tap to Start\/Stop Speech\"><span>&#128266; Seite vorlesen lassen<\/span><\/button>\n        <script>\n            listenButton1.onclick = function(){\n                if(responsiveVoice.isPlaying()){\n                    responsiveVoice.cancel();\n                }else{\n                    responsiveVoice.speak(\"Verantwortlich nach \u00a7 6 Telekommunikationsgesetz: Lebenshilfe f\u00fcr Menschen mit geistiger Behinderung Kreisvereinigung Gro\u00df-Gerau e.V. Walburgastra\u00dfe 5 in 64521 Gro\u00df-Gerau Tel: 06152\/638009 Fax: 06152\/638011 vertreten durch den Vorstand: Kathi Schmidt - 1. Vorsitzende Stefan Tippner - 2. Vorsitzender Verantwortlich f\u00fcr den Inhalt der Internetseiten der Lebenshilfe: David Wieland - \u00d6ffentlichkeitsarbeit Haftungsausschluss \/ Disclaimer Bitte beachten Sie beim Lesen unserer Seiten folgende Nutzungsbedingungen: Durch die Nutzung unserer Internetseiten entsteht in keinem Fall ein Gesch\u00e4ftsverh\u00e4ltnis oder ein sonstiges Vertragsverh\u00e4ltnis zwischen Ihnen und uns. Alle Informationen wurden von uns mit Sorgfalt erstellt und ausgew\u00e4hlt. Gleichwohl k\u00f6nnen wir keine Gew\u00e4hr f\u00fcr Richtigkeit, Vollst\u00e4ndigkeit und Aktualit\u00e4t der Informationen in unserem Web-Angebot \u00fcbernehmen. Die Nutzung unseres Web-Angebotes erfolgt also auf Ihre eigene Gefahr. Soweit wir mittels sogenannten Links auf Angebote Dritter verweisen, \u00fcbernehmen wir keine Haftung f\u00fcr die Inhalte dieser Informations-Anbieter. Dort ver\u00f6ffentlichte Meinungen oder Tatsachenbehauptungen machen wir uns durch die Schaltung eines Links nicht zu eigen, falls durch uns nicht ausdr\u00fccklich etwas anderes zu dem Link erkl\u00e4rt wird.\", \"Deutsch Female\");\n                }\n            };\n        <\/script>\n    <br \/>\nVerantwortlich nach \u00a7 6 Telekommunikationsgesetz:<\/p>\n<p>Lebenshilfe f\u00fcr Menschen mit geistiger Behinderung Kreisvereinigung Gro\u00df-Gerau e.V.<br \/>\nWalburgastra\u00dfe 5 in 64521 Gro\u00df-Gerau<\/p>\n<p>Tel: 06152\/638009<br \/>\nFax: 06152\/638011<\/p>\n<p>vertreten durch den Vorstand:<br \/>\nKathi Schmidt &#8211; 1. Vorsitzende<br \/>\nStefan Tippner &#8211; 2. Vorsitzender<\/p>\n<p>Verantwortlich f\u00fcr den Inhalt der Internetseiten der Lebenshilfe:<br \/>\nDavid Wieland &#8211; \u00d6ffentlichkeitsarbeit<\/p>\n<p>Haftungsausschluss \/ Disclaimer<\/p>\n<p>Bitte beachten Sie beim Lesen unserer Seiten folgende Nutzungsbedingungen:<\/p>\n<p>Durch die Nutzung unserer Internetseiten entsteht in keinem Fall ein Gesch\u00e4ftsverh\u00e4ltnis oder ein sonstiges Vertragsverh\u00e4ltnis zwischen Ihnen und uns.<\/p>\n<p>Alle Informationen wurden von uns mit Sorgfalt erstellt und ausgew\u00e4hlt. Gleichwohl k\u00f6nnen wir keine Gew\u00e4hr f\u00fcr Richtigkeit, Vollst\u00e4ndigkeit und Aktualit\u00e4t der Informationen in unserem Web-Angebot \u00fcbernehmen.<\/p>\n<p>Die Nutzung unseres Web-Angebotes erfolgt also auf Ihre eigene Gefahr.<\/p>\n<p>Soweit wir mittels sogenannten Links auf Angebote Dritter verweisen, \u00fcbernehmen wir keine Haftung f\u00fcr die Inhalte dieser Informations-Anbieter.<\/p>\n<p>Dort ver\u00f6ffentlichte Meinungen oder Tatsachenbehauptungen machen wir uns durch die Schaltung eines Links nicht zu eigen, falls durch uns nicht ausdr\u00fccklich etwas anderes zu dem Link erkl\u00e4rt wird.<\/p>\n","protected":false},"excerpt":{"rendered":"<p>Verantwortlich nach \u00a7 6 Telekommunikationsgesetz: Lebenshilfe f\u00fcr Menschen mit geistiger Behinderung Kreisvereinigung Gro\u00df-Gerau e.V. Walburgastra\u00dfe 5 in 64521 Gro\u00df-Gerau Tel: 06152\/638009 Fax: 06152\/638011 vertreten durch den Vorstand: Kathi Schmidt &#8211; <a class=\"more-link\" href=\"https:\/\/www.lebenshilfe-kv-gg.de\/?page_id=66\">Weiterlesen &#8230; \u2192<\/a><\/p>\n","protected":false},"author":1,"featured_media":0,"parent":0,"menu_order":10,"comment_status":"closed","ping_status":"open","template":"","meta":{"footnotes":""},"class_list":["post-66","page","type-page","status-publish","hentry"],"_links":{"self":[{"href":"https:\/\/www.lebenshilfe-kv-gg.de\/index.php?rest_route=\/wp\/v2\/pages\/66","targetHints":{"allow":["GET"]}}],"collection":[{"href":"https:\/\/www.lebenshilfe-kv-gg.de\/index.php?rest_route=\/wp\/v2\/pages"}],"about":[{"href":"https:\/\/www.lebenshilfe-kv-gg.de\/index.php?rest_route=\/wp\/v2\/types\/page"}],"author":[{"embeddable":true,"href":"https:\/\/www.lebenshilfe-kv-gg.de\/index.php?rest_route=\/wp\/v2\/users\/1"}],"replies":[{"embeddable":true,"href":"https:\/\/www.lebenshilfe-kv-gg.de\/index.php?rest_route=%2Fwp%2Fv2%2Fcomments&post=66"}],"version-history":[{"count":10,"href":"https:\/\/www.lebenshilfe-kv-gg.de\/index.php?rest_route=\/wp\/v2\/pages\/66\/revisions"}],"predecessor-version":[{"id":14227,"href":"https:\/\/www.lebenshilfe-kv-gg.de\/index.php?rest_route=\/wp\/v2\/pages\/66\/revisions\/14227"}],"wp:attachment":[{"href":"https:\/\/www.lebenshilfe-kv-gg.de\/index.php?rest_route=%2Fwp%2Fv2%2Fmedia&parent=66"}],"curies":[{"name":"wp","href":"https:\/\/api.w.org\/{rel}","templated":true}]}}